{"id":11,"date":"2018-03-27T20:36:09","date_gmt":"2018-03-27T18:36:09","guid":{"rendered":"http:\/\/jososabadell.cat\/?page_id=11"},"modified":"2018-06-06T15:38:44","modified_gmt":"2018-06-06T13:38:44","slug":"comic-manga-infantil","status":"publish","type":"page","link":"http:\/\/jososabadell.cat\/es\/cursos\/comic-manga-infantil\/","title":{"rendered":"C\u00f2mic &#8211; Manga infantil"},"content":{"rendered":"<div class=\"vce-row-container\"><div class=\"vce-row vce-row--col-gap-30 vce-row-columns--top vce-row-content--top\" id=\"el-b7bb46d1\" data-vce-do-apply=\"all el-b7bb46d1\"><div class=\"vce-row-content\" data-vce-element-content=\"true\"><div class=\"vce-col vce-col--md-39-95p vce-col--xs-1 vce-col--xs-last vce-col--xs-first vce-col--sm-last vce-col--sm-first vce-col--md-first vce-col--lg-first vce-col--xl-first\" id=\"el-389c80d8\" data-vce-do-apply=\"background border el-389c80d8\"><div class=\"vce-col-inner\" data-vce-element-content=\"true\" data-vce-do-apply=\"padding margin  el-389c80d8\"><div class=\"vce-single-image-container vce-single-image--align-left\"><div class=\"vce vce-single-image-wrapper\" id=\"el-7ec814d9\" data-vce-do-apply=\"all el-7ec814d9\"><figure><div class=\"vce-single-image-inner vce-single-image--border-rounded\"><img decoding=\"async\" class=\"vce-single-image\" data-width=\"800\" data-height=\"480\" src=\"http:\/\/jososabadell.cat\/wp-content\/uploads\/2018\/06\/ComicMangaInf_BlaiWEB-800x480.jpg\" data-img-src=\"http:\/\/jososabadell.cat\/wp-content\/uploads\/2018\/06\/ComicMangaInf_BlaiWEB-800x480.jpg\" alt=\"\" title=\"ComicMangaInf_BlaiWEB\"\/><\/div><\/figure><\/div><\/div><div class=\"vce-text-block\"><div class=\"vce-text-block-wrapper vce\" id=\"el-70db74e4\" data-vce-do-apply=\"all el-70db74e4\"><em>Ilustraci\u00f3n de Blai Morales, alumno de la escuela.<\/em><\/div><\/div><\/div><\/div><div class=\"vce-col vce-col--md-60-05p vce-col--xs-1 vce-col--xs-last vce-col--xs-first vce-col--sm-last vce-col--sm-first vce-col--md-last vce-col--lg-last vce-col--xl-last\" id=\"el-18bfb7bf\" data-vce-do-apply=\"background border el-18bfb7bf\"><div class=\"vce-col-inner\" data-vce-element-content=\"true\" data-vce-do-apply=\"padding margin  el-18bfb7bf\"><div class=\"vce-text-block\"><div class=\"vce-text-block-wrapper vce\" id=\"el-542dbc65\" data-vce-do-apply=\"all el-542dbc65\"><h1 style=\"text-align: center;\"><b>C\u00f3mic - manga infantil<\/b><\/h1><p style=\"text-align: center;\"><span style=\"font-weight: 400;\">Programa de iniciaci\u00f3n al mundo del dibujo y de preparaci\u00f3n para acceder al curso de adultos. Pensado para ni\u00f1as y ni\u00f1os de 8 hasta 14 a\u00f1os. <\/span><\/p><\/div><\/div><div class=\"vce-text-block\"><div class=\"vce-text-block-wrapper vce\" id=\"el-4397eb7b\" data-vce-do-apply=\"all el-4397eb7b\"><p style=\"text-align: center;\"><span style=\"color: #cc3333;\"><strong>Duraci\u00f3n:<span style=\"font-weight: 400; color: #000000;\"> 1 a\u00f1o, prorrogable hasta cumplir objetivos del alumno.<\/span><\/strong><\/span><\/p><\/div><\/div><div class=\"vce-button--style-basic-container vce-button--style-basic-container--align-center\"><span class=\"vce-button--style-basic-wrapper vce\" id=\"el-ae4f1759\" data-vce-do-apply=\"margin el-ae4f1759\"><a class=\"vce-button--style-basic vce-button--style-basic--border-rounded vce-button--style-basic--size-medium vce-button--style-basic--color-b-204-51-51--fff\" href=\"http:\/\/jososabadell.cat\/es\/formulari\/\" title=\"\" data-vce-do-apply=\"padding border background  el-ae4f1759\">Contacta con nosotros para m\u00e1s informaci\u00f3n!<\/a><\/span><\/div><div class=\"vce-text-block\"><div class=\"vce-text-block-wrapper vce\" id=\"el-58605a4a\" data-vce-do-apply=\"all el-58605a4a\"><p style=\"text-align: center;\"><strong>Adaptaci\u00f3n a la t\u00e9cnica b\u00e1sica de dibujo.<\/strong><\/p><\/div><\/div><\/div><\/div><\/div><\/div><\/div>","protected":false},"excerpt":{"rendered":"<p>Il\u00b7lustraci\u00f3 de Blai Morales, alumne de l&#8217;escola.C\u00f2mic &#8211; manga infantilPrograma d\u2019iniciaci\u00f3 al m\u00f3n del dibuix i de preparaci\u00f3 per accedir al curs d\u2019adults. Pensat per a noies i nois de 8 fins a 14 anys. Durada: 1 any, prorrogable fins a complir objectius de l\u2019alumne.Contacta amb nosaltres per m\u00e9s informaci\u00f3!Adaptaci\u00f3 a la t\u00e8cnica b\u00e0sica de [&hellip;]<\/p>\n","protected":false},"author":1,"featured_media":0,"parent":9,"menu_order":0,"comment_status":"closed","ping_status":"closed","template":"","meta":{"_monsterinsights_skip_tracking":false,"_monsterinsights_sitenote_active":false,"_monsterinsights_sitenote_note":"","_monsterinsights_sitenote_category":0,"footnotes":""},"class_list":["post-11","page","type-page","status-publish","hentry"],"yoast_head":"<!-- This site is optimized with the Yoast SEO plugin v25.6 - https:\/\/yoast.com\/wordpress\/plugins\/seo\/ -->\n<title>C\u00f2mic - Manga infantil - Escola Joso Sabadell<\/title>\n<meta name=\"robots\" content=\"index, follow, max-snippet:-1, max-image-preview:large, max-video-preview:-1\" \/>\n<link rel=\"canonical\" href=\"https:\/\/jososabadell.cat\/es\/cursos\/comic-manga-infantil\/\" \/>\n<meta property=\"og:locale\" content=\"es_ES\" \/>\n<meta property=\"og:type\" content=\"article\" \/>\n<meta property=\"og:title\" content=\"C\u00f2mic - Manga infantil - Escola Joso Sabadell\" \/>\n<meta property=\"og:description\" content=\"Il\u00b7lustraci\u00f3 de Blai Morales, alumne de l&#039;escola.C\u00f2mic - manga infantilPrograma d\u2019iniciaci\u00f3 al m\u00f3n del dibuix i de preparaci\u00f3 per accedir al curs d\u2019adults. Pensat per a noies i nois de 8 fins a 14 anys. Durada: 1 any, prorrogable fins a complir objectius de l\u2019alumne.Contacta amb nosaltres per m\u00e9s informaci\u00f3!Adaptaci\u00f3 a la t\u00e8cnica b\u00e0sica de [&hellip;]\" \/>\n<meta property=\"og:url\" content=\"https:\/\/jososabadell.cat\/es\/cursos\/comic-manga-infantil\/\" \/>\n<meta property=\"og:site_name\" content=\"Escola Joso Sabadell\" \/>\n<meta property=\"article:publisher\" content=\"https:\/\/www.facebook.com\/escolajososabadell\/\" \/>\n<meta property=\"article:modified_time\" content=\"2018-06-06T13:38:44+00:00\" \/>\n<meta name=\"twitter:card\" content=\"summary_large_image\" \/>\n<meta name=\"twitter:site\" content=\"@EscolaJosoSbd\" \/>\n<script type=\"application\/ld+json\" class=\"yoast-schema-graph\">{\"@context\":\"https:\/\/schema.org\",\"@graph\":[{\"@type\":\"WebPage\",\"@id\":\"https:\/\/jososabadell.cat\/cursos\/comic-manga-infantil\/\",\"url\":\"https:\/\/jososabadell.cat\/cursos\/comic-manga-infantil\/\",\"name\":\"C\u00f2mic - Manga infantil - Escola Joso Sabadell\",\"isPartOf\":{\"@id\":\"https:\/\/jososabadell.cat\/#website\"},\"datePublished\":\"2018-03-27T18:36:09+00:00\",\"dateModified\":\"2018-06-06T13:38:44+00:00\",\"breadcrumb\":{\"@id\":\"https:\/\/jososabadell.cat\/cursos\/comic-manga-infantil\/#breadcrumb\"},\"inLanguage\":\"es\",\"potentialAction\":[{\"@type\":\"ReadAction\",\"target\":[\"https:\/\/jososabadell.cat\/cursos\/comic-manga-infantil\/\"]}]},{\"@type\":\"BreadcrumbList\",\"@id\":\"https:\/\/jososabadell.cat\/cursos\/comic-manga-infantil\/#breadcrumb\",\"itemListElement\":[{\"@type\":\"ListItem\",\"position\":1,\"name\":\"Inici\",\"item\":\"https:\/\/jososabadell.cat\/\"},{\"@type\":\"ListItem\",\"position\":2,\"name\":\"Cursos\",\"item\":\"https:\/\/jososabadell.cat\/cursos\/\"},{\"@type\":\"ListItem\",\"position\":3,\"name\":\"C\u00f2mic &#8211; Manga infantil\"}]},{\"@type\":\"WebSite\",\"@id\":\"https:\/\/jososabadell.cat\/#website\",\"url\":\"https:\/\/jososabadell.cat\/\",\"name\":\"Escola Joso Sabadell\",\"description\":\"\",\"potentialAction\":[{\"@type\":\"SearchAction\",\"target\":{\"@type\":\"EntryPoint\",\"urlTemplate\":\"https:\/\/jososabadell.cat\/?s={search_term_string}\"},\"query-input\":{\"@type\":\"PropertyValueSpecification\",\"valueRequired\":true,\"valueName\":\"search_term_string\"}}],\"inLanguage\":\"es\"}]}<\/script>\n<!-- \/ Yoast SEO plugin. -->","yoast_head_json":{"title":"C\u00f2mic - Manga infantil - Escola Joso Sabadell","robots":{"index":"index","follow":"follow","max-snippet":"max-snippet:-1","max-image-preview":"max-image-preview:large","max-video-preview":"max-video-preview:-1"},"canonical":"https:\/\/jososabadell.cat\/es\/cursos\/comic-manga-infantil\/","og_locale":"es_ES","og_type":"article","og_title":"C\u00f2mic - Manga infantil - Escola Joso Sabadell","og_description":"Il\u00b7lustraci\u00f3 de Blai Morales, alumne de l'escola.C\u00f2mic - manga infantilPrograma d\u2019iniciaci\u00f3 al m\u00f3n del dibuix i de preparaci\u00f3 per accedir al curs d\u2019adults. Pensat per a noies i nois de 8 fins a 14 anys. Durada: 1 any, prorrogable fins a complir objectius de l\u2019alumne.Contacta amb nosaltres per m\u00e9s informaci\u00f3!Adaptaci\u00f3 a la t\u00e8cnica b\u00e0sica de [&hellip;]","og_url":"https:\/\/jososabadell.cat\/es\/cursos\/comic-manga-infantil\/","og_site_name":"Escola Joso Sabadell","article_publisher":"https:\/\/www.facebook.com\/escolajososabadell\/","article_modified_time":"2018-06-06T13:38:44+00:00","twitter_card":"summary_large_image","twitter_site":"@EscolaJosoSbd","schema":{"@context":"https:\/\/schema.org","@graph":[{"@type":"WebPage","@id":"https:\/\/jososabadell.cat\/cursos\/comic-manga-infantil\/","url":"https:\/\/jososabadell.cat\/cursos\/comic-manga-infantil\/","name":"C\u00f2mic - Manga infantil - Escola Joso Sabadell","isPartOf":{"@id":"https:\/\/jososabadell.cat\/#website"},"datePublished":"2018-03-27T18:36:09+00:00","dateModified":"2018-06-06T13:38:44+00:00","breadcrumb":{"@id":"https:\/\/jososabadell.cat\/cursos\/comic-manga-infantil\/#breadcrumb"},"inLanguage":"es","potentialAction":[{"@type":"ReadAction","target":["https:\/\/jososabadell.cat\/cursos\/comic-manga-infantil\/"]}]},{"@type":"BreadcrumbList","@id":"https:\/\/jososabadell.cat\/cursos\/comic-manga-infantil\/#breadcrumb","itemListElement":[{"@type":"ListItem","position":1,"name":"Inici","item":"https:\/\/jososabadell.cat\/"},{"@type":"ListItem","position":2,"name":"Cursos","item":"https:\/\/jososabadell.cat\/cursos\/"},{"@type":"ListItem","position":3,"name":"C\u00f2mic &#8211; Manga infantil"}]},{"@type":"WebSite","@id":"https:\/\/jososabadell.cat\/#website","url":"https:\/\/jososabadell.cat\/","name":"&nbsp;Escola Joso Sabadell","description":"","potentialAction":[{"@type":"SearchAction","target":{"@type":"EntryPoint","urlTemplate":"https:\/\/jososabadell.cat\/?s={search_term_string}"},"query-input":{"@type":"PropertyValueSpecification","valueRequired":true,"valueName":"search_term_string"}}],"inLanguage":"es"}]}},"_links":{"self":[{"href":"http:\/\/jososabadell.cat\/es\/wp-json\/wp\/v2\/pages\/11"}],"collection":[{"href":"http:\/\/jososabadell.cat\/es\/wp-json\/wp\/v2\/pages"}],"about":[{"href":"http:\/\/jososabadell.cat\/es\/wp-json\/wp\/v2\/types\/page"}],"author":[{"embeddable":true,"href":"http:\/\/jososabadell.cat\/es\/wp-json\/wp\/v2\/users\/1"}],"replies":[{"embeddable":true,"href":"http:\/\/jososabadell.cat\/es\/wp-json\/wp\/v2\/comments?post=11"}],"version-history":[{"count":6,"href":"http:\/\/jososabadell.cat\/es\/wp-json\/wp\/v2\/pages\/11\/revisions"}],"predecessor-version":[{"id":1122,"href":"http:\/\/jososabadell.cat\/es\/wp-json\/wp\/v2\/pages\/11\/revisions\/1122"}],"up":[{"embeddable":true,"href":"http:\/\/jososabadell.cat\/es\/wp-json\/wp\/v2\/pages\/9"}],"wp:attachment":[{"href":"http:\/\/jososabadell.cat\/es\/wp-json\/wp\/v2\/media?parent=11"}],"curies":[{"name":"wp","href":"https:\/\/api.w.org\/{rel}","templated":true}]}}