{"id":13,"date":"2018-03-27T20:36:24","date_gmt":"2018-03-27T18:36:24","guid":{"rendered":"http:\/\/jososabadell.cat\/?page_id=13"},"modified":"2018-06-06T15:40:59","modified_gmt":"2018-06-06T13:40:59","slug":"comic-manga","status":"publish","type":"page","link":"http:\/\/jososabadell.cat\/es\/cursos\/comic-manga\/","title":{"rendered":"C\u00f2mic &#8211; Manga"},"content":{"rendered":"<div class=\"vce-row-container\"><div class=\"vce-row vce-row--col-gap-30 vce-row-columns--top vce-row-content--top\" id=\"el-4bc59ac3\" data-vce-do-apply=\"all el-4bc59ac3\"><div class=\"vce-row-content\" data-vce-element-content=\"true\"><div class=\"vce-col vce-col--md-40p vce-col--xs-1 vce-col--xs-last vce-col--xs-first vce-col--sm-last vce-col--sm-first vce-col--md-first vce-col--lg-first vce-col--xl-first\" id=\"el-6299d091\" data-vce-do-apply=\"background border el-6299d091\"><div class=\"vce-col-inner\" data-vce-element-content=\"true\" data-vce-do-apply=\"padding margin  el-6299d091\"><div class=\"vce-single-image-container vce-single-image--align-left\"><div class=\"vce vce-single-image-wrapper\" id=\"el-dd70fa42\" data-vce-do-apply=\"all el-dd70fa42\"><figure><div class=\"vce-single-image-inner vce-single-image--border-rounded\"><img decoding=\"async\" class=\"vce-single-image\" data-width=\"800\" data-height=\"480\" src=\"http:\/\/jososabadell.cat\/wp-content\/uploads\/2018\/06\/ComicManga_EnricWEB-800x480.jpg\" data-img-src=\"http:\/\/jososabadell.cat\/wp-content\/uploads\/2018\/06\/ComicManga_EnricWEB-800x480.jpg\" alt=\"\" title=\"ComicManga_EnricWEB\"\/><\/div><\/figure><\/div><\/div><div class=\"vce-text-block\"><div class=\"vce-text-block-wrapper vce\" id=\"el-53766506\" data-vce-do-apply=\"all el-53766506\"><em>Ilustraci\u00f3n de Enric P\u00e9rez, alumno de la escuela.<\/em><\/div><\/div><\/div><\/div><div class=\"vce-col vce-col--md-60p vce-col--xs-1 vce-col--xs-last vce-col--xs-first vce-col--sm-last vce-col--sm-first vce-col--md-last vce-col--lg-last vce-col--xl-last\" id=\"el-3b005db0\" data-vce-do-apply=\"background border el-3b005db0\"><div class=\"vce-col-inner\" data-vce-element-content=\"true\" data-vce-do-apply=\"padding margin  el-3b005db0\"><div class=\"vce-text-block\"><div class=\"vce-text-block-wrapper vce\" id=\"el-04598759\" data-vce-do-apply=\"all el-04598759\"><h1 style=\"text-align: center;\"><b>C\u00f3mic - manga<\/b><\/h1><p style=\"text-align: center;\"><span style=\"font-weight: 400;\">Programa extralaboral o extraacad\u00e9mico para alumnos que quieran dominar los fundamentos del noveno arte.<\/span><\/p><\/div><\/div><div class=\"vce-text-block\"><div class=\"vce-text-block-wrapper vce\" id=\"el-2141032e\" data-vce-do-apply=\"all el-2141032e\"><p style=\"text-align: center;\"><span style=\"color: #cc3333;\"><strong>Duraci\u00f3n: <\/strong><\/span><span style=\"font-weight: 400;\">5 a\u00f1os.<\/span><\/p><\/div><\/div><div class=\"vce-button--style-basic-container vce-button--style-basic-container--align-center\"><span class=\"vce-button--style-basic-wrapper vce\" id=\"el-5407e0f2\" data-vce-do-apply=\"margin el-5407e0f2\"><a class=\"vce-button--style-basic vce-button--style-basic--border-rounded vce-button--style-basic--size-medium vce-button--style-basic--color-b-204-51-51--fff\" href=\"http:\/\/jososabadell.cat\/es\/formulari\/\" title=\"\" data-vce-do-apply=\"padding border background  el-5407e0f2\">Contacta con nosotros para m\u00e1s informaci\u00f3n!<\/a><\/span><\/div><\/div><\/div><\/div><\/div><\/div><div class=\"vce-row-container\"><div class=\"vce-row vce-row--col-gap-30 vce-row-columns--top vce-row-content--top\" id=\"el-ac5a2324\" data-vce-do-apply=\"all el-ac5a2324\"><div class=\"vce-row-content\" data-vce-element-content=\"true\"><div class=\"vce-col vce-col--md-auto vce-col--xs-1 vce-col--xs-last vce-col--xs-first vce-col--sm-last vce-col--sm-first vce-col--md-last vce-col--lg-last vce-col--xl-last vce-col--md-first vce-col--lg-first vce-col--xl-first\" id=\"el-f814dffd\" data-vce-do-apply=\"background border el-f814dffd\"><div class=\"vce-col-inner\" data-vce-element-content=\"true\" data-vce-do-apply=\"padding margin  el-f814dffd\"><div class=\"vce-text-block\"><div class=\"vce-text-block-wrapper vce\" id=\"el-a0c49c8b\" data-vce-do-apply=\"all el-a0c49c8b\"><h1>Materias<\/h1><\/div><\/div><\/div><\/div><\/div><\/div><\/div><div class=\"vce-row-container\"><div class=\"vce-row vce-row--col-gap-30 vce-row-columns--top vce-row-content--top\" id=\"el-eace948c\" data-vce-do-apply=\"all el-eace948c\"><div class=\"vce-row-content\" data-vce-element-content=\"true\"><div class=\"vce-col vce-col--md-20p vce-col--xs-1 vce-col--xs-last vce-col--xs-first vce-col--sm-last vce-col--sm-first vce-col--md-first vce-col--lg-first vce-col--xl-first\" id=\"el-6cc2207c\" data-vce-do-apply=\"background border el-6cc2207c\"><div class=\"vce-col-inner\" data-vce-element-content=\"true\" data-vce-do-apply=\"padding margin  el-6cc2207c\"><div class=\"vce-text-block\"><div class=\"vce-text-block-wrapper vce\" id=\"el-740eedd5\" data-vce-do-apply=\"all el-740eedd5\"><h2><strong>Primer curso<\/strong><\/h2><p><span style=\"font-weight: 400;\">T\u00e9cnica b\u00e1sica de dibujo.<\/span><\/p><p>&nbsp;<\/p><\/div><\/div><\/div><\/div><div class=\"vce-col vce-col--md-20p vce-col--xs-1 vce-col--xs-last vce-col--xs-first vce-col--sm-last vce-col--sm-first\" id=\"el-524c5b0c\" data-vce-do-apply=\"background border el-524c5b0c\"><div class=\"vce-col-inner\" data-vce-element-content=\"true\" data-vce-do-apply=\"padding margin  el-524c5b0c\"><div class=\"vce-text-block\"><div class=\"vce-text-block-wrapper vce\" id=\"el-65e8e95b\" data-vce-do-apply=\"all el-65e8e95b\"><h2><strong>Segundo curso<\/strong><\/h2><p><span style=\"font-weight: 400;\">T\u00e9cnica avanzada de dibujo.<\/span><\/p><\/div><\/div><\/div><\/div><div class=\"vce-col vce-col--md-20p vce-col--xs-1 vce-col--xs-last vce-col--xs-first vce-col--sm-last vce-col--sm-first\" id=\"el-485709b5\" data-vce-do-apply=\"background border el-485709b5\"><div class=\"vce-col-inner\" data-vce-element-content=\"true\" data-vce-do-apply=\"padding margin  el-485709b5\"><div class=\"vce-text-block\"><div class=\"vce-text-block-wrapper vce\" id=\"el-1e9adbc0\" data-vce-do-apply=\"all el-1e9adbc0\"><h2><strong>Tercer curso<\/strong><\/h2><p><span style=\"font-weight: 400;\">T\u00e9cnica digital.<\/span><\/p><\/div><\/div><\/div><\/div><div class=\"vce-col vce-col--md-20p vce-col--xs-1 vce-col--xs-last vce-col--xs-first vce-col--sm-last vce-col--sm-first\" id=\"el-68c49c1f\" data-vce-do-apply=\"background border el-68c49c1f\"><div class=\"vce-col-inner\" data-vce-element-content=\"true\" data-vce-do-apply=\"padding margin  el-68c49c1f\"><div class=\"vce-text-block\"><div class=\"vce-text-block-wrapper vce\" id=\"el-ac32e7af\" data-vce-do-apply=\"all el-ac32e7af\"><h2><strong>Cuarto curso<\/strong><\/h2><p><span style=\"font-weight: 400;\">T\u00e9cnica de blanco y negro.<\/span><\/p><\/div><\/div><\/div><\/div><div class=\"vce-col vce-col--md-20p vce-col--xs-1 vce-col--xs-last vce-col--xs-first vce-col--sm-last vce-col--sm-first vce-col--md-last vce-col--lg-last vce-col--xl-last\" id=\"el-a3318153\" data-vce-do-apply=\"background border el-a3318153\"><div class=\"vce-col-inner\" data-vce-element-content=\"true\" data-vce-do-apply=\"padding margin  el-a3318153\"><div class=\"vce-text-block\"><div class=\"vce-text-block-wrapper vce\" id=\"el-fbf3eb8e\" data-vce-do-apply=\"all el-fbf3eb8e\"><h2><strong>Quinto curso<\/strong><\/h2><p><span style=\"font-weight: 400;\">T\u00e9cnica de color \/ ilustraci\u00f3n.<\/span><\/p><\/div><\/div><\/div><\/div><\/div><\/div><\/div>","protected":false},"excerpt":{"rendered":"<p>Il\u00b7lustraci\u00f3 d&#8217;Enric P\u00e9rez, alumne de l&#8217;escola.C\u00f2mic &#8211; mangaPrograma extralaboral o extraacad\u00e8mic per a alumnes que vulguin dominar els fonaments del nov\u00e8 art.Durada: 5 anys.Contacta amb nosaltres per m\u00e9s informaci\u00f3!Mat\u00e8riesPrimer cursT\u00e8cnica b\u00e0sica de dibuix.&nbsp;Segon cursT\u00e8cnica avan\u00e7ada de dibuix.Tercer cursT\u00e8cnica digital.Quart cursT\u00e8cnica de blanc i negre.Cinqu\u00e8 cursT\u00e8cnica de color \/ Il\u00b7lustraci\u00f3.<\/p>","protected":false},"author":1,"featured_media":0,"parent":9,"menu_order":0,"comment_status":"closed","ping_status":"closed","template":"","meta":{"_monsterinsights_skip_tracking":false,"_monsterinsights_sitenote_active":false,"_monsterinsights_sitenote_note":"","_monsterinsights_sitenote_category":0,"footnotes":""},"class_list":["post-13","page","type-page","status-publish","hentry"],"yoast_head":"<!-- This site is optimized with the Yoast SEO plugin v25.6 - https:\/\/yoast.com\/wordpress\/plugins\/seo\/ -->\n<title>C\u00f2mic - Manga - Escola Joso Sabadell<\/title>\n<meta name=\"robots\" content=\"index, follow, max-snippet:-1, max-image-preview:large, max-video-preview:-1\" \/>\n<link rel=\"canonical\" href=\"https:\/\/jososabadell.cat\/es\/cursos\/comic-manga\/\" \/>\n<meta property=\"og:locale\" content=\"es_ES\" \/>\n<meta property=\"og:type\" content=\"article\" \/>\n<meta property=\"og:title\" content=\"C\u00f2mic - Manga - Escola Joso Sabadell\" \/>\n<meta property=\"og:description\" content=\"Il\u00b7lustraci\u00f3 d&#039;Enric P\u00e9rez, alumne de l&#039;escola.C\u00f2mic - mangaPrograma extralaboral o extraacad\u00e8mic per a alumnes que vulguin dominar els fonaments del nov\u00e8 art.Durada: 5 anys.Contacta amb nosaltres per m\u00e9s informaci\u00f3!Mat\u00e8riesPrimer cursT\u00e8cnica b\u00e0sica de dibuix.&nbsp;Segon cursT\u00e8cnica avan\u00e7ada de dibuix.Tercer cursT\u00e8cnica digital.Quart cursT\u00e8cnica de blanc i negre.Cinqu\u00e8 cursT\u00e8cnica de color \/ Il\u00b7lustraci\u00f3.\" \/>\n<meta property=\"og:url\" content=\"https:\/\/jososabadell.cat\/es\/cursos\/comic-manga\/\" \/>\n<meta property=\"og:site_name\" content=\"Escola Joso Sabadell\" \/>\n<meta property=\"article:publisher\" content=\"https:\/\/www.facebook.com\/escolajososabadell\/\" \/>\n<meta property=\"article:modified_time\" content=\"2018-06-06T13:40:59+00:00\" \/>\n<meta name=\"twitter:card\" content=\"summary_large_image\" \/>\n<meta name=\"twitter:site\" content=\"@EscolaJosoSbd\" \/>\n<script type=\"application\/ld+json\" class=\"yoast-schema-graph\">{\"@context\":\"https:\/\/schema.org\",\"@graph\":[{\"@type\":\"WebPage\",\"@id\":\"https:\/\/jososabadell.cat\/cursos\/comic-manga\/\",\"url\":\"https:\/\/jososabadell.cat\/cursos\/comic-manga\/\",\"name\":\"C\u00f2mic - Manga - Escola Joso Sabadell\",\"isPartOf\":{\"@id\":\"https:\/\/jososabadell.cat\/#website\"},\"datePublished\":\"2018-03-27T18:36:24+00:00\",\"dateModified\":\"2018-06-06T13:40:59+00:00\",\"breadcrumb\":{\"@id\":\"https:\/\/jososabadell.cat\/cursos\/comic-manga\/#breadcrumb\"},\"inLanguage\":\"es\",\"potentialAction\":[{\"@type\":\"ReadAction\",\"target\":[\"https:\/\/jososabadell.cat\/cursos\/comic-manga\/\"]}]},{\"@type\":\"BreadcrumbList\",\"@id\":\"https:\/\/jososabadell.cat\/cursos\/comic-manga\/#breadcrumb\",\"itemListElement\":[{\"@type\":\"ListItem\",\"position\":1,\"name\":\"Inici\",\"item\":\"https:\/\/jososabadell.cat\/\"},{\"@type\":\"ListItem\",\"position\":2,\"name\":\"Cursos\",\"item\":\"https:\/\/jososabadell.cat\/cursos\/\"},{\"@type\":\"ListItem\",\"position\":3,\"name\":\"C\u00f2mic &#8211; Manga\"}]},{\"@type\":\"WebSite\",\"@id\":\"https:\/\/jososabadell.cat\/#website\",\"url\":\"https:\/\/jososabadell.cat\/\",\"name\":\"Escola Joso Sabadell\",\"description\":\"\",\"potentialAction\":[{\"@type\":\"SearchAction\",\"target\":{\"@type\":\"EntryPoint\",\"urlTemplate\":\"https:\/\/jososabadell.cat\/?s={search_term_string}\"},\"query-input\":{\"@type\":\"PropertyValueSpecification\",\"valueRequired\":true,\"valueName\":\"search_term_string\"}}],\"inLanguage\":\"es\"}]}<\/script>\n<!-- \/ Yoast SEO plugin. -->","yoast_head_json":{"title":"C\u00f2mic - Manga - Escola Joso Sabadell","robots":{"index":"index","follow":"follow","max-snippet":"max-snippet:-1","max-image-preview":"max-image-preview:large","max-video-preview":"max-video-preview:-1"},"canonical":"https:\/\/jososabadell.cat\/es\/cursos\/comic-manga\/","og_locale":"es_ES","og_type":"article","og_title":"C\u00f2mic - Manga - Escola Joso Sabadell","og_description":"Il\u00b7lustraci\u00f3 d'Enric P\u00e9rez, alumne de l'escola.C\u00f2mic - mangaPrograma extralaboral o extraacad\u00e8mic per a alumnes que vulguin dominar els fonaments del nov\u00e8 art.Durada: 5 anys.Contacta amb nosaltres per m\u00e9s informaci\u00f3!Mat\u00e8riesPrimer cursT\u00e8cnica b\u00e0sica de dibuix.&nbsp;Segon cursT\u00e8cnica avan\u00e7ada de dibuix.Tercer cursT\u00e8cnica digital.Quart cursT\u00e8cnica de blanc i negre.Cinqu\u00e8 cursT\u00e8cnica de color \/ Il\u00b7lustraci\u00f3.","og_url":"https:\/\/jososabadell.cat\/es\/cursos\/comic-manga\/","og_site_name":"Escola Joso Sabadell","article_publisher":"https:\/\/www.facebook.com\/escolajososabadell\/","article_modified_time":"2018-06-06T13:40:59+00:00","twitter_card":"summary_large_image","twitter_site":"@EscolaJosoSbd","schema":{"@context":"https:\/\/schema.org","@graph":[{"@type":"WebPage","@id":"https:\/\/jososabadell.cat\/cursos\/comic-manga\/","url":"https:\/\/jososabadell.cat\/cursos\/comic-manga\/","name":"C\u00f2mic - Manga - Escola Joso Sabadell","isPartOf":{"@id":"https:\/\/jososabadell.cat\/#website"},"datePublished":"2018-03-27T18:36:24+00:00","dateModified":"2018-06-06T13:40:59+00:00","breadcrumb":{"@id":"https:\/\/jososabadell.cat\/cursos\/comic-manga\/#breadcrumb"},"inLanguage":"es","potentialAction":[{"@type":"ReadAction","target":["https:\/\/jososabadell.cat\/cursos\/comic-manga\/"]}]},{"@type":"BreadcrumbList","@id":"https:\/\/jososabadell.cat\/cursos\/comic-manga\/#breadcrumb","itemListElement":[{"@type":"ListItem","position":1,"name":"Inici","item":"https:\/\/jososabadell.cat\/"},{"@type":"ListItem","position":2,"name":"Cursos","item":"https:\/\/jososabadell.cat\/cursos\/"},{"@type":"ListItem","position":3,"name":"C\u00f2mic &#8211; Manga"}]},{"@type":"WebSite","@id":"https:\/\/jososabadell.cat\/#website","url":"https:\/\/jososabadell.cat\/","name":"&nbsp;Escola Joso Sabadell","description":"","potentialAction":[{"@type":"SearchAction","target":{"@type":"EntryPoint","urlTemplate":"https:\/\/jososabadell.cat\/?s={search_term_string}"},"query-input":{"@type":"PropertyValueSpecification","valueRequired":true,"valueName":"search_term_string"}}],"inLanguage":"es"}]}},"_links":{"self":[{"href":"http:\/\/jososabadell.cat\/es\/wp-json\/wp\/v2\/pages\/13"}],"collection":[{"href":"http:\/\/jososabadell.cat\/es\/wp-json\/wp\/v2\/pages"}],"about":[{"href":"http:\/\/jososabadell.cat\/es\/wp-json\/wp\/v2\/types\/page"}],"author":[{"embeddable":true,"href":"http:\/\/jososabadell.cat\/es\/wp-json\/wp\/v2\/users\/1"}],"replies":[{"embeddable":true,"href":"http:\/\/jososabadell.cat\/es\/wp-json\/wp\/v2\/comments?post=13"}],"version-history":[{"count":7,"href":"http:\/\/jososabadell.cat\/es\/wp-json\/wp\/v2\/pages\/13\/revisions"}],"predecessor-version":[{"id":1123,"href":"http:\/\/jososabadell.cat\/es\/wp-json\/wp\/v2\/pages\/13\/revisions\/1123"}],"up":[{"embeddable":true,"href":"http:\/\/jososabadell.cat\/es\/wp-json\/wp\/v2\/pages\/9"}],"wp:attachment":[{"href":"http:\/\/jososabadell.cat\/es\/wp-json\/wp\/v2\/media?parent=13"}],"curies":[{"name":"wp","href":"https:\/\/api.w.org\/{rel}","templated":true}]}}