{"id":1104,"date":"2018-05-27T18:33:33","date_gmt":"2018-05-27T16:33:33","guid":{"rendered":"http:\/\/jososabadell.cat\/?page_id=1104"},"modified":"2019-02-18T16:45:33","modified_gmt":"2019-02-18T14:45:33","slug":"politica-de-privadesa","status":"publish","type":"page","link":"https:\/\/jososabadell.cat\/es\/politica-de-privadesa\/","title":{"rendered":"Pol\u00edtica de privadesa"},"content":{"rendered":"<div class=\"vce-row-container\"><div class=\"vce-row vce-row--col-gap-30 vce-row-columns--top vce-row-content--top\" id=\"el-f6ff89da\" data-vce-do-apply=\"all el-f6ff89da\"><div class=\"vce-row-content\" data-vce-element-content=\"true\"><div class=\"vce-col vce-col--md-100p vce-col--xs-1 vce-col--xs-last vce-col--xs-first vce-col--sm-last vce-col--sm-first vce-col--md-last vce-col--lg-last vce-col--xl-last vce-col--md-first vce-col--lg-first vce-col--xl-first\" id=\"el-ac8818b1\" data-vce-do-apply=\"background border el-ac8818b1\"><div class=\"vce-col-inner\" data-vce-element-content=\"true\" data-vce-do-apply=\"padding margin  el-ac8818b1\"><div class=\"vce-text-block\"><div class=\"vce-text-block-wrapper vce\" id=\"el-b1bd9a4c\" data-vce-do-apply=\"all el-b1bd9a4c\"><p><span style=\"font-weight: 400;\"><img decoding=\"async\" draggable=\"false\" class=\"emoji\" alt=\"\ud83d\udcdc\" src=\"https:\/\/s.w.org\/images\/core\/emoji\/11\/svg\/1f4dc.svg\"> Resum de la pol\u00edtica de privadesa:<\/span><\/p><p><b>Responsable de los datos:<\/b><span style=\"font-weight: 400;\"> Grafic\u00f2mic S.L.<\/span><\/p><p><b>Finalidad de los datos:<\/b><span style=\"font-weight: 400;\"> Env\u00edo de comunicaciones el centro con finalidad informativa y\/o comercial.<\/span><\/p><p><b>Almacenamiento de los datos:<\/b><span style=\"font-weight: 400;\"> Base de datos alojada en <\/span><a href=\"http:\/\/www.ovh.es\"><span style=\"font-weight: 400;\">OVH HISPANO S.L.U.<\/span><\/a><\/p><p><b>Derechos:<\/b><span style=\"font-weight: 400;\"> En cualquier momento puedes limitar, recuperar y eliminar tu informaci\u00f3n enviando <\/span><a href=\"mailto:info@jososabadell.cat\"><span style=\"font-weight: 400;\">un correo electr\u00f3nico a nuestra escuela<\/span><\/a><span style=\"font-weight: 400;\">.<\/span><\/p><hr><p><strong>Aviso legal<\/strong><\/p><p>El presente aviso legal (en adelante, el \"Aviso Legal\") regula el uso del servicio del portal de Internet jososabadell.cat (en adelante, el \"Web\") de GRAFIC\u00d2MIC, S.L. con domicilio social en PASEO MANRESA, 19 - 25, 1ER 1A, SABADELL, 08201, BARCELONA con CIF B60308269.<\/p><p><strong>Legislaci\u00f3n<\/strong><\/p><p>Con car\u00e1cter general las relaciones entre GRAFIC\u00d2MIC, S.L. con los Usuarios de sus servicios telem\u00e1ticos, presentes en la web, se encuentran sometidas a la legislaci\u00f3n y jurisdicci\u00f3n espa\u00f1olas.\n\nLas partes renuncian expresamente al fuero que les pudiera corresponder y someten expresamente a los Juzgados y Tribunales de SABADELL para resolver cualquier controversia que pueda surgir en la interpretaci\u00f3n o ejecuci\u00f3n de las presentes condiciones contractuales.<\/p><p>Las partes renuncian expresamente al fuero que les pudiera corresponder y someten expresamente a los Juzgados y Tribunales de SABADELL para resolver cualquier controversia que pueda surgir en la interpretaci\u00f3n o ejecuci\u00f3n de las presentes condiciones contractuales.<\/p><p><strong>Contenido y uso<\/strong><\/p><p>El Usuario queda informado, y acepta, que el acceso a la presente web no supone, en modo alguno, el inicio de una relaci\u00f3n comercial con GRAFIC\u00d2MIC, S.L..\n\nEl titular del web no se identifica con las opiniones vertidas en el mismo por sus colaboradores. La Empresa se reserva el derecho de efectuar sin previo aviso las modificaciones que considere oportunas en su Web, pudiendo cambiar, suprimir o a\u00f1adir tanto los contenidos y servicios que se presten a trav\u00e9s de la misma como la forma en la que \u00e9stos aparezcan presentados o localizados en sus servidores.<\/p><p>El titular del web no se identifica con las opiniones vertidas en el mismo por sus colaboradores. La Empresa se reserva el derecho de efectuar sin previo aviso las modificaciones que considere oportunas en su Web, pudiendo cambiar, suprimir o a\u00f1adir tanto los contenidos y servicios que se presten a trav\u00e9s de la misma como la forma en la que \u00e9stos aparezcan presentados o localizados en sus servidores.<\/p><p><strong>Propiedad intelectual e industrial<\/strong><\/p><p>Los derechos de propiedad intelectual del contenido de las p\u00e1ginas web, su dise\u00f1o gr\u00e1fico y c\u00f3digos son titularidad de GRAFIC\u00d2MIC, S.L. y, por tanto, queda prohibida su reproducci\u00f3n, distribuci\u00f3n, comunicaci\u00f3n p\u00fablica, transformaci\u00f3n o cualquier otra actividad que se pueda realizar con los contenidos de sus p\u00e1ginas web ni aun citando las fuentes, salvo consentimiento por escrito de GRAFIC\u00d2MIC, S.L.. Todos los nombres comerciales, marcas o signos distintos de cualquier clase contenidos en las p\u00e1ginas web de la Empresa son propiedad de sus due\u00f1os y est\u00e1n protegidos por ley.<\/p><p><strong>Enlaces (links)<\/strong><\/p><p>La presencia de enlaces (links) en las p\u00e1ginas web de GRAFIC\u00d2MIC, S.L. tiene finalidad meramente informativa y en ning\u00fan caso supone sugerencia, invitaci\u00f3n o recomendaci\u00f3n sobre los mismos.<\/p><p><strong>Confidencialidad y Protecci\u00f3n de Datos<\/strong><\/p><p>A efecto de lo previsto en RGPD de 27 de abril de 2016, GRAFIC\u00d2MIC, S.L. informa al Usuario de la existencia de un tratamiento automatizado de datos de car\u00e1cter personal creado por y para GRAFIC\u00d2MIC, S.L. y bajo su responsabilidad, con la finalidad de realizar el mantenimiento y gesti\u00f3n de la relaci\u00f3n con el Usuario, as\u00ed como las labores de informaci\u00f3n. En el momento de la aceptaci\u00f3n de las presentes condiciones generales, GRAFIC\u00d2MIC, S.L. precisar\u00e1 del Usuario la recogida de unos datos imprescindibles para la prestaci\u00f3n de sus servicios.<\/p><p><strong>Registro de ficheros y formularios<\/strong><\/p><p>La cumplimentaci\u00f3n del formulario de registro es obligatoria para acceder y disfrutar de determinados servicios ofrecidos en la web. El no facilitar los datos personales solicitados o el no aceptar la presente pol\u00edtica de protecci\u00f3n de datos supone la imposibilidad de suscribirse, registrarse o participar en cualquiera de las promociones en las que se soliciten datos car\u00e1cter personal.<\/p><p>A efecto de lo previsto en RGPD de 27 de abril de 2016, le informamos que los datos personales que se obtengan como consecuencia de su registro como Usuario, ser\u00e1n incorporados a un fichero titularidad de GRAFIC\u00d2MIC, S.L. con C.I.F B60308269 y domicilio en PASEO MANRESA, 19 - 25, 1ER 1A, SABADELL, 08201, BARCELONA, teniendo implementadas las medidas de seguridad establecidas en el Real Decreto 1720\/2007, de 11 de junio.<\/p><p><strong>Exactitud y veracidad<\/strong><\/p><p>El Usuario es el \u00fanico responsable de la veracidad y correcci\u00f3n de los datos incluidos, exoner\u00e1ndose GRAFIC\u00d2MIC, S.L. de cualquier responsabilidad al respecto. Los usuarios garantizan y responden, en cualquier caso, de la exactitud, vigencia y autenticidad de los datos personales facilitados, y se comprometen a mantenerlos debidamente actualizados. El usuario acepta proporcionar informaci\u00f3n completa y correcta en el formulario de registro o suscripci\u00f3n. GRAFIC\u00d2MIC, S.L. no responde de la veracidad de las informaciones que no sean de elaboraci\u00f3n propia y de las que se indique otra fuente, por lo que tampoco asume responsabilidad alguna en cuanto a hipot\u00e9ticos perjuicios que pudieran originarse por el uso de dicha informaci\u00f3n.  GRAFIC\u00d2MIC, S.L. se reserva el derecho a actualizar, modificar o eliminar la informaci\u00f3n contenida en sus p\u00e1ginas web pudiendo incluso limitar o no permitir el acceso a dicha informaci\u00f3n. Se exonera a GRAFIC\u00d2MIC, S.L. de responsabilidad ante cualquier da\u00f1o o perjuicio que pudiera sufrir el Usuario como consecuencia de errores, defectos u omisiones, en la informaci\u00f3n facilitada por GRAFIC\u00d2MIC, S.L. siempre que proceda de fuentes ajenas a GRAFIC\u00d2MIC, S.L..<\/p><p><strong>Galletas (Cookies)<\/strong><\/p><p>El sitio jososabadell.cat no utiliza cookies, considerando tales ficheros f\u00edsicos de informaci\u00f3n alojados en el propio terminal del usuario y sirven para facilitar la navegaci\u00f3n del usuario por el portal. De todas formas, el usuario tiene la posibilidad de configurar el navegador de tal modo que impida la instalaci\u00f3n de estos archivos.<\/p><p><strong>Finalidades<\/strong><\/p><p>Las finalidaes de\u00a0GRAFIC\u00d2MIC, S.L.\u00a0son el mantenimiento y la gesti\u00f3n de la relaci\u00f3n con el Usuario, as\u00ed como las tareas de informaci\u00f3n.<\/p><p><strong>Menores de edad<\/strong><\/p><p>En el supuesto que algunos de nuestros servicios vayan dirigidos espec\u00edficamente a menores de edad, GRAFIC\u00d2MIC, S.L. solicitar\u00e1 la conformidad de los padres o tutores para la recogida de los datos personales o, en su caso, para el tratamiento automatizado de los datos.<\/p><p><strong>Cesi\u00f3n de datos a terceros<\/strong><\/p><p>GRAFIC\u00d2MIC , S.L. no realizar\u00e1 cesi\u00f3n de datos de los usuarios a terceros.<\/p><p><strong>Ejercicio de derechos de acceso, rectificaci\u00f3n, cancelaci\u00f3n y oposici\u00f3n<\/strong><\/p><p>Podr\u00e1 dirigir sus comunicaciones y ejercitar los derechos de acceso, rectificaci\u00f3n, supresi\u00f3n, limitaci\u00f3n, portabilidad y oposici\u00f3n en la direcci\u00f3n de Internet a jososabadell.cat o bien por correo ordinario dirigido a GRAFIC\u00d2MIC, S.L., Ref. RGPD, en PASEO MANRESA, 19 - 25, 1ER 1A, SABADELL, 08201, BARCELONA. Para ejercer dichos derechos es necesario que usted acredite su personalidad frente a GRAFIC\u00d2MIC, S.L. mediante el env\u00edo de fotocopia de Documento Nacional de Identidad o cualquier otro medio v\u00e1lido en Derecho. No obstante, la modificaci\u00f3n o rectificaci\u00f3n de sus datos de registro se podr\u00e1 realizar en el propio Site identific\u00e1ndose, previamente, con su usuario y contrase\u00f1a.<\/p><p><strong>Medidas de seguridad<\/strong><\/p><p>GRAFIC\u00d2MIC, S.L.   ha adoptado los niveles de seguridad de protecci\u00f3n de los Datos Personales legalmente requeridos, y procuran instalar aquellos otros medios y medidas t\u00e9cnicas adicionales a su alcance para evitar la p\u00e9rdida, mal uso, alteraci\u00f3n, acceso no autorizado y robo de los Datos Personales facilitados a GRAFIC\u00d2MIC, S.L. no ser\u00e1 responsable de posibles da\u00f1os o perjuicios que se pudieran derivar de interferencias, omisiones, interrupciones, virus inform\u00e1ticos, aver\u00edas telef\u00f3nicas o desconexiones en el funcionamiento operativo de este sistema electr\u00f3nico, motivadas por causas ajenas a GRAFIC\u00d2MIC, S.L.; de retrasos o bloqueos en el uso del presente sistema electr\u00f3nico causados por deficiencias o sobrecargas de l\u00edneas telef\u00f3nicas o sobrecargas en el Centro de Procesos de Datos, en el sistema de Internet o en otros sistemas electr\u00f3nicos, as\u00ed como de da\u00f1os que puedan ser causados por terceras personas mediante intromisiones ileg\u00edtimas fuera del control de GRAFIC\u00d2MIC, S.L.. Ello, no obstante, el Usuario debe ser consciente de que las medidas de seguridad en Internet no son inexpugnables.<\/p><p><strong>Aceptaci\u00f3n y consentimiento<\/strong><\/p><p>El usuario declara haber sido informado de las condiciones sobre protecci\u00f3n de datos personales, aceptando y consintiendo el tratamiento automatizado de los mismos por parte de GRAFIC\u00d2MIC, S.L., en la forma y para las finalidades indicadas en la presente Pol\u00edtica de Protecci\u00f3n de Datos Personales. Ciertos servicios prestados en el Portal pueden contener condiciones particulares con previsiones espec\u00edficas en materia de protecci\u00f3n de Datos Personales.<\/p><\/div><\/div><\/div><\/div><\/div><\/div><\/div>","protected":false},"excerpt":{"rendered":"<p>Resum de la pol\u00edtica de privadesa:Responsable de les dades: Grafic\u00f2mic S.L.Finalitat de les dades: Enviament de comunicacions del centre amb finalitat informativa i\/o comercial.Emmagatzemament de les dades: Base de dades allotjada a OVH HISPANO S.L.U.Drets: En qualsevol moment pots limitar, recuperar i esborrar la teva informaci\u00f3 enviant un correu electr\u00f2nic a la nostra escola.Av\u00eds legalEl [&hellip;]<\/p>\n","protected":false},"author":1,"featured_media":0,"parent":0,"menu_order":0,"comment_status":"closed","ping_status":"closed","template":"","meta":{"_monsterinsights_skip_tracking":false,"_monsterinsights_sitenote_active":false,"_monsterinsights_sitenote_note":"","_monsterinsights_sitenote_category":0,"footnotes":""},"class_list":["post-1104","page","type-page","status-publish","hentry"],"yoast_head":"<!-- This site is optimized with the Yoast SEO plugin v25.6 - https:\/\/yoast.com\/wordpress\/plugins\/seo\/ -->\n<title>Pol\u00edtica de privadesa - Escola Joso Sabadell<\/title>\n<meta name=\"robots\" content=\"index, follow, max-snippet:-1, max-image-preview:large, max-video-preview:-1\" \/>\n<link rel=\"canonical\" href=\"https:\/\/jososabadell.cat\/es\/politica-de-privadesa\/\" \/>\n<meta property=\"og:locale\" content=\"es_ES\" \/>\n<meta property=\"og:type\" content=\"article\" \/>\n<meta property=\"og:title\" content=\"Pol\u00edtica de privadesa - Escola Joso Sabadell\" \/>\n<meta property=\"og:description\" content=\"Resum de la pol\u00edtica de privadesa:Responsable de les dades: Grafic\u00f2mic S.L.Finalitat de les dades: Enviament de comunicacions del centre amb finalitat informativa i\/o comercial.Emmagatzemament de les dades: Base de dades allotjada a OVH HISPANO S.L.U.Drets: En qualsevol moment pots limitar, recuperar i esborrar la teva informaci\u00f3 enviant un correu electr\u00f2nic a la nostra escola.Av\u00eds legalEl [&hellip;]\" \/>\n<meta property=\"og:url\" content=\"https:\/\/jososabadell.cat\/es\/politica-de-privadesa\/\" \/>\n<meta property=\"og:site_name\" content=\"Escola Joso Sabadell\" \/>\n<meta property=\"article:publisher\" content=\"https:\/\/www.facebook.com\/escolajososabadell\/\" \/>\n<meta property=\"article:modified_time\" content=\"2019-02-18T14:45:33+00:00\" \/>\n<meta property=\"og:image\" content=\"https:\/\/s.w.org\/images\/core\/emoji\/11\/svg\/1f4dc.svg\" \/>\n<meta name=\"twitter:card\" content=\"summary_large_image\" \/>\n<meta name=\"twitter:site\" content=\"@EscolaJosoSbd\" \/>\n<meta name=\"twitter:label1\" content=\"Tiempo de lectura\" \/>\n\t<meta name=\"twitter:data1\" content=\"7 minutos\" \/>\n<script type=\"application\/ld+json\" class=\"yoast-schema-graph\">{\"@context\":\"https:\/\/schema.org\",\"@graph\":[{\"@type\":\"WebPage\",\"@id\":\"https:\/\/jososabadell.cat\/politica-de-privadesa\/\",\"url\":\"https:\/\/jososabadell.cat\/politica-de-privadesa\/\",\"name\":\"Pol\u00edtica de privadesa - Escola Joso Sabadell\",\"isPartOf\":{\"@id\":\"https:\/\/jososabadell.cat\/#website\"},\"primaryImageOfPage\":{\"@id\":\"https:\/\/jososabadell.cat\/politica-de-privadesa\/#primaryimage\"},\"image\":{\"@id\":\"https:\/\/jososabadell.cat\/politica-de-privadesa\/#primaryimage\"},\"thumbnailUrl\":\"https:\/\/s.w.org\/images\/core\/emoji\/11\/svg\/1f4dc.svg\",\"datePublished\":\"2018-05-27T16:33:33+00:00\",\"dateModified\":\"2019-02-18T14:45:33+00:00\",\"breadcrumb\":{\"@id\":\"https:\/\/jososabadell.cat\/politica-de-privadesa\/#breadcrumb\"},\"inLanguage\":\"es\",\"potentialAction\":[{\"@type\":\"ReadAction\",\"target\":[\"https:\/\/jososabadell.cat\/politica-de-privadesa\/\"]}]},{\"@type\":\"ImageObject\",\"inLanguage\":\"es\",\"@id\":\"https:\/\/jososabadell.cat\/politica-de-privadesa\/#primaryimage\",\"url\":\"https:\/\/s.w.org\/images\/core\/emoji\/11\/svg\/1f4dc.svg\",\"contentUrl\":\"https:\/\/s.w.org\/images\/core\/emoji\/11\/svg\/1f4dc.svg\"},{\"@type\":\"BreadcrumbList\",\"@id\":\"https:\/\/jososabadell.cat\/politica-de-privadesa\/#breadcrumb\",\"itemListElement\":[{\"@type\":\"ListItem\",\"position\":1,\"name\":\"Inici\",\"item\":\"https:\/\/jososabadell.cat\/\"},{\"@type\":\"ListItem\",\"position\":2,\"name\":\"Pol\u00edtica de privadesa\"}]},{\"@type\":\"WebSite\",\"@id\":\"https:\/\/jososabadell.cat\/#website\",\"url\":\"https:\/\/jososabadell.cat\/\",\"name\":\"Escola Joso Sabadell\",\"description\":\"\",\"potentialAction\":[{\"@type\":\"SearchAction\",\"target\":{\"@type\":\"EntryPoint\",\"urlTemplate\":\"https:\/\/jososabadell.cat\/?s={search_term_string}\"},\"query-input\":{\"@type\":\"PropertyValueSpecification\",\"valueRequired\":true,\"valueName\":\"search_term_string\"}}],\"inLanguage\":\"es\"}]}<\/script>\n<!-- \/ Yoast SEO plugin. -->","yoast_head_json":{"title":"Pol\u00edtica de privadesa - Escola Joso Sabadell","robots":{"index":"index","follow":"follow","max-snippet":"max-snippet:-1","max-image-preview":"max-image-preview:large","max-video-preview":"max-video-preview:-1"},"canonical":"https:\/\/jososabadell.cat\/es\/politica-de-privadesa\/","og_locale":"es_ES","og_type":"article","og_title":"Pol\u00edtica de privadesa - Escola Joso Sabadell","og_description":"Resum de la pol\u00edtica de privadesa:Responsable de les dades: Grafic\u00f2mic S.L.Finalitat de les dades: Enviament de comunicacions del centre amb finalitat informativa i\/o comercial.Emmagatzemament de les dades: Base de dades allotjada a OVH HISPANO S.L.U.Drets: En qualsevol moment pots limitar, recuperar i esborrar la teva informaci\u00f3 enviant un correu electr\u00f2nic a la nostra escola.Av\u00eds legalEl [&hellip;]","og_url":"https:\/\/jososabadell.cat\/es\/politica-de-privadesa\/","og_site_name":"Escola Joso Sabadell","article_publisher":"https:\/\/www.facebook.com\/escolajososabadell\/","article_modified_time":"2019-02-18T14:45:33+00:00","og_image":[{"url":"https:\/\/s.w.org\/images\/core\/emoji\/11\/svg\/1f4dc.svg","type":"","width":"","height":""}],"twitter_card":"summary_large_image","twitter_site":"@EscolaJosoSbd","twitter_misc":{"Tiempo de lectura":"7 minutos"},"schema":{"@context":"https:\/\/schema.org","@graph":[{"@type":"WebPage","@id":"https:\/\/jososabadell.cat\/politica-de-privadesa\/","url":"https:\/\/jososabadell.cat\/politica-de-privadesa\/","name":"Pol\u00edtica de privadesa - Escola Joso Sabadell","isPartOf":{"@id":"https:\/\/jososabadell.cat\/#website"},"primaryImageOfPage":{"@id":"https:\/\/jososabadell.cat\/politica-de-privadesa\/#primaryimage"},"image":{"@id":"https:\/\/jososabadell.cat\/politica-de-privadesa\/#primaryimage"},"thumbnailUrl":"https:\/\/s.w.org\/images\/core\/emoji\/11\/svg\/1f4dc.svg","datePublished":"2018-05-27T16:33:33+00:00","dateModified":"2019-02-18T14:45:33+00:00","breadcrumb":{"@id":"https:\/\/jososabadell.cat\/politica-de-privadesa\/#breadcrumb"},"inLanguage":"es","potentialAction":[{"@type":"ReadAction","target":["https:\/\/jososabadell.cat\/politica-de-privadesa\/"]}]},{"@type":"ImageObject","inLanguage":"es","@id":"https:\/\/jososabadell.cat\/politica-de-privadesa\/#primaryimage","url":"https:\/\/s.w.org\/images\/core\/emoji\/11\/svg\/1f4dc.svg","contentUrl":"https:\/\/s.w.org\/images\/core\/emoji\/11\/svg\/1f4dc.svg"},{"@type":"BreadcrumbList","@id":"https:\/\/jososabadell.cat\/politica-de-privadesa\/#breadcrumb","itemListElement":[{"@type":"ListItem","position":1,"name":"Inici","item":"https:\/\/jososabadell.cat\/"},{"@type":"ListItem","position":2,"name":"Pol\u00edtica de privadesa"}]},{"@type":"WebSite","@id":"https:\/\/jososabadell.cat\/#website","url":"https:\/\/jososabadell.cat\/","name":"&nbsp;Escola Joso Sabadell","description":"","potentialAction":[{"@type":"SearchAction","target":{"@type":"EntryPoint","urlTemplate":"https:\/\/jososabadell.cat\/?s={search_term_string}"},"query-input":{"@type":"PropertyValueSpecification","valueRequired":true,"valueName":"search_term_string"}}],"inLanguage":"es"}]}},"_links":{"self":[{"href":"https:\/\/jososabadell.cat\/es\/wp-json\/wp\/v2\/pages\/1104"}],"collection":[{"href":"https:\/\/jososabadell.cat\/es\/wp-json\/wp\/v2\/pages"}],"about":[{"href":"https:\/\/jososabadell.cat\/es\/wp-json\/wp\/v2\/types\/page"}],"author":[{"embeddable":true,"href":"https:\/\/jososabadell.cat\/es\/wp-json\/wp\/v2\/users\/1"}],"replies":[{"embeddable":true,"href":"https:\/\/jososabadell.cat\/es\/wp-json\/wp\/v2\/comments?post=1104"}],"version-history":[{"count":9,"href":"https:\/\/jososabadell.cat\/es\/wp-json\/wp\/v2\/pages\/1104\/revisions"}],"predecessor-version":[{"id":1379,"href":"https:\/\/jososabadell.cat\/es\/wp-json\/wp\/v2\/pages\/1104\/revisions\/1379"}],"wp:attachment":[{"href":"https:\/\/jososabadell.cat\/es\/wp-json\/wp\/v2\/media?parent=1104"}],"curies":[{"name":"wp","href":"https:\/\/api.w.org\/{rel}","templated":true}]}}