{"id":15,"date":"2018-03-27T20:36:33","date_gmt":"2018-03-27T18:36:33","guid":{"rendered":"http:\/\/jososabadell.cat\/?page_id=15"},"modified":"2018-05-22T20:54:01","modified_gmt":"2018-05-22T18:54:01","slug":"art-grafic","status":"publish","type":"page","link":"https:\/\/jososabadell.cat\/es\/cursos\/art-grafic\/","title":{"rendered":"Art Gr\u00e0fic"},"content":{"rendered":"<div class=\"vce-row-container\"><div class=\"vce-row vce-row--col-gap-30 vce-row-columns--top vce-row-content--top\" id=\"el-c28870d0\" data-vce-do-apply=\"all el-c28870d0\"><div class=\"vce-row-content\" data-vce-element-content=\"true\"><div class=\"vce-col vce-col--md-40-23p vce-col--xs-1 vce-col--xs-last vce-col--xs-first vce-col--sm-last vce-col--sm-first vce-col--md-first vce-col--lg-first vce-col--xl-first\" id=\"el-9426fa26\" data-vce-do-apply=\"background border el-9426fa26\"><div class=\"vce-col-inner\" data-vce-element-content=\"true\" data-vce-do-apply=\"padding margin  el-9426fa26\"><div class=\"vce-single-image-container vce-single-image--align-left\"><div class=\"vce vce-single-image-wrapper\" id=\"el-ba23ae01\" data-vce-do-apply=\"all el-ba23ae01\"><figure><div class=\"vce-single-image-inner vce-single-image--border-rounded\"><img decoding=\"async\" class=\"vce-single-image\" data-width=\"707\" data-height=\"424\" src=\"https:\/\/jososabadell.cat\/wp-content\/uploads\/2018\/05\/ArtGrafic_MarcWEB-707x424.jpg\" data-img-src=\"https:\/\/jososabadell.cat\/wp-content\/uploads\/2018\/05\/ArtGrafic_MarcWEB-707x424.jpg\" alt=\"\" title=\"ArtGrafic_MarcWEB\"\/><\/div><\/figure><\/div><\/div><div class=\"vce-text-block\"><div class=\"vce-text-block-wrapper vce\" id=\"el-9ee87dd5\" data-vce-do-apply=\"all el-9ee87dd5\"><em>Ilustraci\u00f3n de Marc Black, alumno de la escuela.<\/em><\/div><\/div><\/div><\/div><div class=\"vce-col vce-col--md-59-77p vce-col--xs-1 vce-col--xs-last vce-col--xs-first vce-col--sm-last vce-col--sm-first vce-col--md-last vce-col--lg-last vce-col--xl-last\" id=\"el-4869dc5a\" data-vce-do-apply=\"background border el-4869dc5a\"><div class=\"vce-col-inner\" data-vce-element-content=\"true\" data-vce-do-apply=\"padding margin  el-4869dc5a\"><div class=\"vce-text-block\"><div class=\"vce-text-block-wrapper vce\" id=\"el-883f96a3\" data-vce-do-apply=\"all el-883f96a3\"><h1 style=\"text-align: center;\"><b>Art gr\u00e0fic<\/b><\/h1><p style=\"text-align: center;\"><span style=\"font-weight: 400;\">Programa de formaci\u00f3n gr\u00e1fica integral, pensado para alumnos que quieren acceder al mundo profesional.<\/span><\/p><\/div><\/div><div class=\"vce-text-block\"><div class=\"vce-text-block-wrapper vce\" id=\"el-c4f54ce5\" data-vce-do-apply=\"all el-c4f54ce5\"><p style=\"text-align: center;\"><span style=\"color: #cc3333;\"><strong>Duraci\u00f3n: <\/strong><\/span><span style=\"font-weight: 400;\">3 - 4 a\u00f1os (seg\u00fan resultado de la prueba de acceso). <\/span><\/p><\/div><\/div><div class=\"vce-button--style-basic-container vce-button--style-basic-container--align-center\"><span class=\"vce-button--style-basic-wrapper vce\" id=\"el-c44823c3\" data-vce-do-apply=\"margin el-c44823c3\"><a class=\"vce-button--style-basic vce-button--style-basic--border-rounded vce-button--style-basic--size-medium vce-button--style-basic--color-b-204-51-51--fff\" href=\"http:\/\/jososabadell.cat\/es\/formulari\/\" title=\"\" data-vce-do-apply=\"padding border background  el-c44823c3\">Contacta con nosotros para m\u00e1s informaci\u00f3n!<\/a><\/span><\/div><\/div><\/div><\/div><\/div><\/div><div class=\"vce-row-container\"><div class=\"vce-row vce-row--col-gap-30 vce-row-columns--top vce-row-content--top\" id=\"el-5b7a541c\" data-vce-do-apply=\"all el-5b7a541c\"><div class=\"vce-row-content\" data-vce-element-content=\"true\"><div class=\"vce-col vce-col--md-auto vce-col--xs-1 vce-col--xs-last vce-col--xs-first vce-col--sm-last vce-col--sm-first vce-col--md-last vce-col--lg-last vce-col--xl-last vce-col--md-first vce-col--lg-first vce-col--xl-first\" id=\"el-c96968e2\" data-vce-do-apply=\"background border el-c96968e2\"><div class=\"vce-col-inner\" data-vce-element-content=\"true\" data-vce-do-apply=\"padding margin  el-c96968e2\"><div class=\"vce-text-block\"><div class=\"vce-text-block-wrapper vce\" id=\"el-a31aa702\" data-vce-do-apply=\"all el-a31aa702\"><h1>Materias<\/h1><\/div><\/div><\/div><\/div><\/div><\/div><\/div><div class=\"vce-row-container\"><div class=\"vce-row vce-row--col-gap-30 vce-row-columns--top vce-row-content--top\" id=\"el-094b73da\" data-vce-do-apply=\"all el-094b73da\"><div class=\"vce-row-content\" data-vce-element-content=\"true\"><div class=\"vce-col vce-col--md-25p vce-col--xs-1 vce-col--xs-last vce-col--xs-first vce-col--sm-last vce-col--sm-first vce-col--md-first vce-col--lg-first vce-col--xl-first\" id=\"el-197182b2\" data-vce-do-apply=\"background border el-197182b2\"><div class=\"vce-col-inner\" data-vce-element-content=\"true\" data-vce-do-apply=\"padding margin  el-197182b2\"><div class=\"vce-text-block\"><div class=\"vce-text-block-wrapper vce\" id=\"el-18448947\" data-vce-do-apply=\"all el-18448947\"><h2><strong>Primer curso<\/strong><\/h2><p><span style=\"font-weight: 400;\">Dise\u00f1o de personajes<\/span><\/p><p><span style=\"font-weight: 400;\">Narrativa - gui\u00f3n<\/span><\/p><p><span style=\"font-weight: 400;\">T\u00e9cnica de color I<\/span><\/p><p><span style=\"font-weight: 400;\">T\u00e9cnica de dibujo I<\/span><\/p><p><span style=\"font-weight: 400;\">T\u00e9cnica digital I<\/span><\/p><\/div><\/div><\/div><\/div><div class=\"vce-col vce-col--md-25p vce-col--xs-1 vce-col--xs-last vce-col--xs-first vce-col--sm-last vce-col--sm-first\" id=\"el-41643db0\" data-vce-do-apply=\"background border el-41643db0\"><div class=\"vce-col-inner\" data-vce-element-content=\"true\" data-vce-do-apply=\"padding margin  el-41643db0\"><div class=\"vce-text-block\"><div class=\"vce-text-block-wrapper vce\" id=\"el-876df6e9\" data-vce-do-apply=\"all el-876df6e9\"><h2>Segundo curso<\/h2><p><span style=\"font-weight: 400;\">Proyectos I<\/span><\/p><p><span style=\"font-weight: 400;\">Taller de recursos<\/span><\/p><p><span style=\"font-weight: 400;\">T\u00e9cnica de color II<\/span><\/p><p><span style=\"font-weight: 400;\">T\u00e9cnica de dibujo II <\/span><\/p><p><span style=\"font-weight: 400;\">T\u00e9cnica digital II<\/span><\/p><\/div><\/div><\/div><\/div><div class=\"vce-col vce-col--md-25p vce-col--xs-1 vce-col--xs-last vce-col--xs-first vce-col--sm-last vce-col--sm-first\" id=\"el-4d102356\" data-vce-do-apply=\"background border el-4d102356\"><div class=\"vce-col-inner\" data-vce-element-content=\"true\" data-vce-do-apply=\"padding margin  el-4d102356\"><div class=\"vce-text-block\"><div class=\"vce-text-block-wrapper vce\" id=\"el-cdffbad4\" data-vce-do-apply=\"all el-cdffbad4\"><h2>Tercer curso<\/h2><p><span style=\"font-weight: 400;\">Dibujos animados<\/span><\/p><p><span style=\"font-weight: 400;\">Gui\u00f3n<\/span><\/p><p><span style=\"font-weight: 400;\">Modelado digital - vectorial <\/span><\/p><p><span style=\"font-weight: 400;\">Proyectos II<\/span><\/p><p><span style=\"font-weight: 400;\">T\u00e9cnica de dibujo III<\/span><\/p><p><span style=\"font-weight: 400;\">T\u00e9cnica digital III<\/span><\/p><\/div><\/div><\/div><\/div><div class=\"vce-col vce-col--md-25p vce-col--xs-1 vce-col--xs-last vce-col--xs-first vce-col--sm-last vce-col--sm-first vce-col--md-last vce-col--lg-last vce-col--xl-last\" id=\"el-23db7418\" data-vce-do-apply=\"background border el-23db7418\"><div class=\"vce-col-inner\" data-vce-element-content=\"true\" data-vce-do-apply=\"padding margin  el-23db7418\"><div class=\"vce-text-block\"><div class=\"vce-text-block-wrapper vce\" id=\"el-87b54244\" data-vce-do-apply=\"all el-87b54244\"><h2>Cuarto curso<\/h2><p><span style=\"font-weight: 400;\">Arte final<\/span><\/p><p><span style=\"font-weight: 400;\">Gui\u00f3n II - FOL <\/span><\/p><p><span style=\"font-weight: 400;\">Proyectos III<\/span><\/p><p><span style=\"font-weight: 400;\">T\u00e9cnica de dibujo IV<\/span><\/p><p><span style=\"font-weight: 400;\">T\u00e9cnica digital IV<\/span><\/p><\/div><\/div><\/div><\/div><\/div><\/div><\/div>","protected":false},"excerpt":{"rendered":"<p>Il\u00b7lustraci\u00f3 de Marc Black, alumne de l&#8217;escola.Art gr\u00e0ficPrograma de formaci\u00f3 gr\u00e0fica integral, pensat per a alumnes que volen accedir al m\u00f3n professional.Durada: 3 &#8211; 4 anys (segons resultat de la prova d\u2019acc\u00e9s). Contacta amb nosaltres per m\u00e9s informaci\u00f3!Mat\u00e8riesPrimer cursDisseny de personatgesNarrativa &#8211; gui\u00f3T\u00e8cnica de color IT\u00e8cnica de dibuix IT\u00e8cnica digital ISegon cursProjectes ITaller de recursosT\u00e8cnica [&hellip;]<\/p>\n","protected":false},"author":1,"featured_media":0,"parent":9,"menu_order":0,"comment_status":"closed","ping_status":"closed","template":"","meta":{"_monsterinsights_skip_tracking":false,"_monsterinsights_sitenote_active":false,"_monsterinsights_sitenote_note":"","_monsterinsights_sitenote_category":0,"footnotes":""},"class_list":["post-15","page","type-page","status-publish","hentry"],"yoast_head":"<!-- This site is optimized with the Yoast SEO plugin v25.6 - https:\/\/yoast.com\/wordpress\/plugins\/seo\/ -->\n<title>Art Gr\u00e0fic - Escola Joso Sabadell<\/title>\n<meta name=\"robots\" content=\"index, follow, max-snippet:-1, max-image-preview:large, max-video-preview:-1\" \/>\n<link rel=\"canonical\" href=\"https:\/\/jososabadell.cat\/es\/cursos\/art-grafic\/\" \/>\n<meta property=\"og:locale\" content=\"es_ES\" \/>\n<meta property=\"og:type\" content=\"article\" \/>\n<meta property=\"og:title\" content=\"Art Gr\u00e0fic - Escola Joso Sabadell\" \/>\n<meta property=\"og:description\" content=\"Il\u00b7lustraci\u00f3 de Marc Black, alumne de l&#039;escola.Art gr\u00e0ficPrograma de formaci\u00f3 gr\u00e0fica integral, pensat per a alumnes que volen accedir al m\u00f3n professional.Durada: 3 - 4 anys (segons resultat de la prova d\u2019acc\u00e9s). Contacta amb nosaltres per m\u00e9s informaci\u00f3!Mat\u00e8riesPrimer cursDisseny de personatgesNarrativa - gui\u00f3T\u00e8cnica de color IT\u00e8cnica de dibuix IT\u00e8cnica digital ISegon cursProjectes ITaller de recursosT\u00e8cnica [&hellip;]\" \/>\n<meta property=\"og:url\" content=\"https:\/\/jososabadell.cat\/es\/cursos\/art-grafic\/\" \/>\n<meta property=\"og:site_name\" content=\"Escola Joso Sabadell\" \/>\n<meta property=\"article:publisher\" content=\"https:\/\/www.facebook.com\/escolajososabadell\/\" \/>\n<meta property=\"article:modified_time\" content=\"2018-05-22T18:54:01+00:00\" \/>\n<meta name=\"twitter:card\" content=\"summary_large_image\" \/>\n<meta name=\"twitter:site\" content=\"@EscolaJosoSbd\" \/>\n<meta name=\"twitter:label1\" content=\"Tiempo de lectura\" \/>\n\t<meta name=\"twitter:data1\" content=\"1 minuto\" \/>\n<script type=\"application\/ld+json\" class=\"yoast-schema-graph\">{\"@context\":\"https:\/\/schema.org\",\"@graph\":[{\"@type\":\"WebPage\",\"@id\":\"https:\/\/jososabadell.cat\/cursos\/art-grafic\/\",\"url\":\"https:\/\/jososabadell.cat\/cursos\/art-grafic\/\",\"name\":\"Art Gr\u00e0fic - Escola Joso Sabadell\",\"isPartOf\":{\"@id\":\"https:\/\/jososabadell.cat\/#website\"},\"datePublished\":\"2018-03-27T18:36:33+00:00\",\"dateModified\":\"2018-05-22T18:54:01+00:00\",\"breadcrumb\":{\"@id\":\"https:\/\/jososabadell.cat\/cursos\/art-grafic\/#breadcrumb\"},\"inLanguage\":\"es\",\"potentialAction\":[{\"@type\":\"ReadAction\",\"target\":[\"https:\/\/jososabadell.cat\/cursos\/art-grafic\/\"]}]},{\"@type\":\"BreadcrumbList\",\"@id\":\"https:\/\/jososabadell.cat\/cursos\/art-grafic\/#breadcrumb\",\"itemListElement\":[{\"@type\":\"ListItem\",\"position\":1,\"name\":\"Inici\",\"item\":\"https:\/\/jososabadell.cat\/\"},{\"@type\":\"ListItem\",\"position\":2,\"name\":\"Cursos\",\"item\":\"https:\/\/jososabadell.cat\/cursos\/\"},{\"@type\":\"ListItem\",\"position\":3,\"name\":\"Art Gr\u00e0fic\"}]},{\"@type\":\"WebSite\",\"@id\":\"https:\/\/jososabadell.cat\/#website\",\"url\":\"https:\/\/jososabadell.cat\/\",\"name\":\"Escola Joso Sabadell\",\"description\":\"\",\"potentialAction\":[{\"@type\":\"SearchAction\",\"target\":{\"@type\":\"EntryPoint\",\"urlTemplate\":\"https:\/\/jososabadell.cat\/?s={search_term_string}\"},\"query-input\":{\"@type\":\"PropertyValueSpecification\",\"valueRequired\":true,\"valueName\":\"search_term_string\"}}],\"inLanguage\":\"es\"}]}<\/script>\n<!-- \/ Yoast SEO plugin. -->","yoast_head_json":{"title":"Art Gr\u00e0fic - Escola Joso Sabadell","robots":{"index":"index","follow":"follow","max-snippet":"max-snippet:-1","max-image-preview":"max-image-preview:large","max-video-preview":"max-video-preview:-1"},"canonical":"https:\/\/jososabadell.cat\/es\/cursos\/art-grafic\/","og_locale":"es_ES","og_type":"article","og_title":"Art Gr\u00e0fic - Escola Joso Sabadell","og_description":"Il\u00b7lustraci\u00f3 de Marc Black, alumne de l'escola.Art gr\u00e0ficPrograma de formaci\u00f3 gr\u00e0fica integral, pensat per a alumnes que volen accedir al m\u00f3n professional.Durada: 3 - 4 anys (segons resultat de la prova d\u2019acc\u00e9s). Contacta amb nosaltres per m\u00e9s informaci\u00f3!Mat\u00e8riesPrimer cursDisseny de personatgesNarrativa - gui\u00f3T\u00e8cnica de color IT\u00e8cnica de dibuix IT\u00e8cnica digital ISegon cursProjectes ITaller de recursosT\u00e8cnica [&hellip;]","og_url":"https:\/\/jososabadell.cat\/es\/cursos\/art-grafic\/","og_site_name":"Escola Joso Sabadell","article_publisher":"https:\/\/www.facebook.com\/escolajososabadell\/","article_modified_time":"2018-05-22T18:54:01+00:00","twitter_card":"summary_large_image","twitter_site":"@EscolaJosoSbd","twitter_misc":{"Tiempo de lectura":"1 minuto"},"schema":{"@context":"https:\/\/schema.org","@graph":[{"@type":"WebPage","@id":"https:\/\/jososabadell.cat\/cursos\/art-grafic\/","url":"https:\/\/jososabadell.cat\/cursos\/art-grafic\/","name":"Art Gr\u00e0fic - Escola Joso Sabadell","isPartOf":{"@id":"https:\/\/jososabadell.cat\/#website"},"datePublished":"2018-03-27T18:36:33+00:00","dateModified":"2018-05-22T18:54:01+00:00","breadcrumb":{"@id":"https:\/\/jososabadell.cat\/cursos\/art-grafic\/#breadcrumb"},"inLanguage":"es","potentialAction":[{"@type":"ReadAction","target":["https:\/\/jososabadell.cat\/cursos\/art-grafic\/"]}]},{"@type":"BreadcrumbList","@id":"https:\/\/jososabadell.cat\/cursos\/art-grafic\/#breadcrumb","itemListElement":[{"@type":"ListItem","position":1,"name":"Inici","item":"https:\/\/jososabadell.cat\/"},{"@type":"ListItem","position":2,"name":"Cursos","item":"https:\/\/jososabadell.cat\/cursos\/"},{"@type":"ListItem","position":3,"name":"Art Gr\u00e0fic"}]},{"@type":"WebSite","@id":"https:\/\/jososabadell.cat\/#website","url":"https:\/\/jososabadell.cat\/","name":"&nbsp;Escola Joso Sabadell","description":"","potentialAction":[{"@type":"SearchAction","target":{"@type":"EntryPoint","urlTemplate":"https:\/\/jososabadell.cat\/?s={search_term_string}"},"query-input":{"@type":"PropertyValueSpecification","valueRequired":true,"valueName":"search_term_string"}}],"inLanguage":"es"}]}},"_links":{"self":[{"href":"https:\/\/jososabadell.cat\/es\/wp-json\/wp\/v2\/pages\/15"}],"collection":[{"href":"https:\/\/jososabadell.cat\/es\/wp-json\/wp\/v2\/pages"}],"about":[{"href":"https:\/\/jososabadell.cat\/es\/wp-json\/wp\/v2\/types\/page"}],"author":[{"embeddable":true,"href":"https:\/\/jososabadell.cat\/es\/wp-json\/wp\/v2\/users\/1"}],"replies":[{"embeddable":true,"href":"https:\/\/jososabadell.cat\/es\/wp-json\/wp\/v2\/comments?post=15"}],"version-history":[{"count":8,"href":"https:\/\/jososabadell.cat\/es\/wp-json\/wp\/v2\/pages\/15\/revisions"}],"predecessor-version":[{"id":1088,"href":"https:\/\/jososabadell.cat\/es\/wp-json\/wp\/v2\/pages\/15\/revisions\/1088"}],"up":[{"embeddable":true,"href":"https:\/\/jososabadell.cat\/es\/wp-json\/wp\/v2\/pages\/9"}],"wp:attachment":[{"href":"https:\/\/jososabadell.cat\/es\/wp-json\/wp\/v2\/media?parent=15"}],"curies":[{"name":"wp","href":"https:\/\/api.w.org\/{rel}","templated":true}]}}