{"id":17,"date":"2018-03-27T20:36:50","date_gmt":"2018-03-27T18:36:50","guid":{"rendered":"http:\/\/jososabadell.cat\/?page_id=17"},"modified":"2019-02-02T21:55:14","modified_gmt":"2019-02-02T19:55:14","slug":"cursos-alternatius","status":"publish","type":"page","link":"https:\/\/jososabadell.cat\/es\/cursos\/cursos-alternatius\/","title":{"rendered":"Cursos alternativos"},"content":{"rendered":"<div class=\"vce-row-container\"><div class=\"vce-row vce-row--col-gap-30 vce-row-columns--top vce-row-content--top\" id=\"el-503ed30c\" data-vce-do-apply=\"all el-503ed30c\"><div class=\"vce-row-content\" data-vce-element-content=\"true\"><div class=\"vce-col vce-col--md-39-51p vce-col--xs-1 vce-col--xs-last vce-col--xs-first vce-col--sm-last vce-col--sm-first vce-col--md-first vce-col--lg-first vce-col--xl-first\" id=\"el-c7786c66\" data-vce-do-apply=\"background border el-c7786c66\"><div class=\"vce-col-inner\" data-vce-element-content=\"true\" data-vce-do-apply=\"padding margin  el-c7786c66\"><div class=\"vce-single-image-container vce-single-image--align-left\"><div class=\"vce vce-single-image-wrapper\" id=\"el-a522b91d\" data-vce-do-apply=\"all el-a522b91d\"><figure><div class=\"vce-single-image-inner vce-single-image--border-rounded\"><img class=\"vce-single-image\" data-width=\"800\" data-height=\"480\"src=\"https:\/\/jososabadell.cat\/wp-content\/uploads\/2019\/02\/Alternatius_MikiWEB-800x480.jpg\" data-img-src=\"https:\/\/jososabadell.cat\/wp-content\/uploads\/2018\/05\/Alternatius_MikiWEB.jpg\" alt=\"\" title=\"Alternatius_MikiWEB\"\/><\/div><\/figure><\/div><\/div><div class=\"vce-text-block\"><div class=\"vce-text-block-wrapper vce\" id=\"el-49668222\" data-vce-do-apply=\"all el-49668222\"><em>Ilustraci\u00f3n de Miki Luque, alumno de la escuela.<\/em><\/div><\/div><\/div><\/div><div class=\"vce-col vce-col--md-60-48p vce-col--xs-1 vce-col--xs-last vce-col--xs-first vce-col--sm-last vce-col--sm-first vce-col--md-last vce-col--lg-last vce-col--xl-last\" id=\"el-d518c44e\" data-vce-do-apply=\"background border el-d518c44e\"><div class=\"vce-col-inner\" data-vce-element-content=\"true\" data-vce-do-apply=\"padding margin  el-d518c44e\"><div class=\"vce-text-block\"><div class=\"vce-text-block-wrapper vce\" id=\"el-159f31c4\" data-vce-do-apply=\"all el-159f31c4\"><h1 style=\"text-align: center;\"><b>Cursos alternativos<\/b><\/h1><p style=\"text-align: center;\"><span style=\"font-weight: 400;\">Posibilidad de acceder a materias espec\u00edficas de los programas regulares por parte del alumnado que s\u00f3lo precise explorar estos aspectos puntuales con tal de alcanzar sus objetivos gr\u00e1ficos y narrativos.<\/span><\/p><\/div><\/div><div class=\"vce-text-block\"><div class=\"vce-text-block-wrapper vce\" id=\"el-3222c661\" data-vce-do-apply=\"all el-3222c661\"><p style=\"text-align: center;\"><span style=\"color: #cc3333;\"><strong>Duraci\u00f3n:&nbsp;<span style=\"font-weight: 400; color: #000000;\"> <span style=\"font-weight: 400;\">1 a\u00f1o, prorrogable hasta cumplir los objetivos del alumno.<\/span><\/span><\/strong><\/span><\/p><\/div><\/div><div class=\"vce-button--style-basic-container vce-button--style-basic-container--align-center\"><span class=\"vce-button--style-basic-wrapper vce\" id=\"el-a5b94c51\" data-vce-do-apply=\"margin el-a5b94c51\"><a class=\"vce-button--style-basic vce-button--style-basic--border-rounded vce-button--style-basic--size-medium vce-button--style-basic--color-b-204-51-51--fff\" href=\"http:\/\/jososabadell.cat\/es\/formulari\/\" title=\"\" data-vce-do-apply=\"padding border background  el-a5b94c51\">Contacta con nosotros para m\u00e1s informaci\u00f3n!<\/a><\/span><\/div><div class=\"vce-text-block\"><div class=\"vce-text-block-wrapper vce\" id=\"el-b8a188e0\" data-vce-do-apply=\"all el-b8a188e0\"><p style=\"text-align: center;\"><strong>Contenidos lectivos de las materias del curso de Art Gr\u00e0fic.<\/strong><\/p><\/div><\/div><\/div><\/div><\/div><\/div><\/div><div class=\"vce-row-container\"><div class=\"vce-row vce-row--col-gap-30 vce-row-columns--top vce-row-content--top\" id=\"el-c07080ff\" data-vce-do-apply=\"all el-c07080ff\"><div class=\"vce-row-content\" data-vce-element-content=\"true\"><div class=\"vce-col vce-col--md-39-51p vce-col--xs-1 vce-col--xs-last vce-col--xs-first vce-col--sm-last vce-col--sm-first vce-col--md-first vce-col--lg-first vce-col--xl-first\" id=\"el-7477d2cc\" data-vce-do-apply=\"background border el-7477d2cc\"><div class=\"vce-col-inner\" data-vce-element-content=\"true\" data-vce-do-apply=\"padding margin  el-7477d2cc\"><div class=\"vce-single-image-container vce-single-image--align-left\"><div class=\"vce vce-single-image-wrapper\" id=\"el-e37558e5\" data-vce-do-apply=\"all el-e37558e5\"><figure><div class=\"vce-single-image-inner\"><img class=\"vce-single-image\" data-width=\"1024\" data-height=\"1024\"src=\"https:\/\/jososabadell.cat\/wp-content\/uploads\/2019\/02\/201901-Gr\u00e0fica-aplicada-1024x1024.png\" data-img-src=\"https:\/\/jososabadell.cat\/wp-content\/uploads\/2019\/02\/201901-Gr\u00e0fica-aplicada.png\" alt=\"\" title=\"201901 Gr\u00e0fica aplicada\"\/><\/div><\/figure><\/div><\/div><\/div><\/div><div class=\"vce-col vce-col--md-60-48p vce-col--xs-1 vce-col--xs-last vce-col--xs-first vce-col--sm-last vce-col--sm-first vce-col--md-last vce-col--lg-last vce-col--xl-last\" id=\"el-a6b8f0af\" data-vce-do-apply=\"background border el-a6b8f0af\"><div class=\"vce-col-inner\" data-vce-element-content=\"true\" data-vce-do-apply=\"padding margin  el-a6b8f0af\"><div class=\"vce-text-block\"><div class=\"vce-text-block-wrapper vce\" id=\"el-7db14ef8\" data-vce-do-apply=\"all el-7db14ef8\"><h1 style=\"text-align: center;\"><span style=\"color: #cc3333;\">NOVETAT!<\/span><\/h1><h1 style=\"text-align: center;\">Gr\u00e0fica Aplicada<\/h1><p class=\"western\" style=\"text-align: center;\" align=\"justify\">Programa dissenyat perqu\u00e8 l\u2019alumnat pugui assolir els <strong>coneixements b\u00e0sics de disseny gr\u00e0fic i de creaci\u00f3 de marca personal<\/strong> per esdevenir un <strong>professional m\u00e9s solvent, competitiu i visible<\/strong>.<\/p><p class=\"western\" style=\"text-align: center;\" align=\"justify\"><span style=\"color: #cc3333;\">Durada<\/span>: cinc mesos; de mar\u00e7 a juliol de 2019.<\/p><p class=\"western\" style=\"text-align: center;\" align=\"justify\"><span style=\"color: #cc3333;\">M\u00e9s informaci\u00f3 i continguts<\/span>: <a href=\"https:\/\/jososabadell.cat\/wp-content\/uploads\/2019\/02\/Gr\u00e0fica-Aplicada-info.pdf\" target=\"_blank\" rel=\"noopener\">pdf<\/a>.<\/p><p class=\"western\" style=\"text-align: center;\" align=\"justify\">Tens algun dubte?<\/p><\/div><\/div><div class=\"vce-button--style-outline-container vce-button--style-outline-container--align-center\"><span class=\"vce-button--style-outline-wrapper vce\" id=\"el-b41fad76\" data-vce-do-apply=\"margin el-b41fad76\"><a class=\"vce-button--style-outline-animated vce-button--style-outline--border-rounded vce-button--style-outline--size-medium vce-button--style-outline-animated--color-b-204-51-51--b-255-255-255--3d3d3d vce-button--style-outline-animated--border-color-b-204-51-51--3d3d3d vce-button--style-outline-animated--background-color-b-204-51-51\" href=\"http:\/\/jososabadell.cat\/es\/formulari\/\" title=\"Contacta amb nosaltres\" data-vce-do-apply=\"padding border background  el-b41fad76\"><span class=\"vce-button--style-outline-text\">Contacta amb nosaltres per rebre m\u00e9s informaci\u00f3 de Creaci\u00f3 Digital<\/span><\/a><\/span><\/div><\/div><\/div><\/div><\/div><\/div><div class=\"vce-row-container\"><div class=\"vce-row vce-row--col-gap-30 vce-row-columns--top vce-row-content--top\" id=\"el-fe0fa61c\" data-vce-do-apply=\"all el-fe0fa61c\"><div class=\"vce-row-content\" data-vce-element-content=\"true\"><div class=\"vce-col vce-col--md-100p vce-col--xs-1 vce-col--xs-last vce-col--xs-first vce-col--sm-last vce-col--sm-first vce-col--md-last vce-col--lg-last vce-col--xl-last vce-col--md-first vce-col--lg-first vce-col--xl-first\" id=\"el-28e35a0a\" data-vce-do-apply=\"background border el-28e35a0a\"><div class=\"vce-col-inner\" data-vce-element-content=\"true\" data-vce-do-apply=\"padding margin  el-28e35a0a\"><\/div><\/div><\/div><\/div><\/div>","protected":false},"excerpt":{"rendered":"<p>Il\u00b7lustraci\u00f3 de Miki Luque, alumne de l&#8217;escola.Cursos alternatiusPossibilitat d\u2019accedir a mat\u00e8ries espec\u00edfiques dels programes regulars per part de l\u2019alumnat que nom\u00e9s precisi explorar aquests aspectes puntuals per tal d\u2019assolir els seus objectius gr\u00e0fics i narratius.Durada:&nbsp; 1 any, prorrogable fins a complir els objectius de l\u2019alumne.Contacta amb nosaltres per m\u00e9s informaci\u00f3!Continguts lectius de les mat\u00e8ries del [&hellip;]<\/p>\n","protected":false},"author":1,"featured_media":0,"parent":9,"menu_order":0,"comment_status":"closed","ping_status":"closed","template":"","meta":{"_monsterinsights_skip_tracking":false,"_monsterinsights_sitenote_active":false,"_monsterinsights_sitenote_note":"","_monsterinsights_sitenote_category":0,"footnotes":""},"class_list":["post-17","page","type-page","status-publish","hentry"],"yoast_head":"<!-- This site is optimized with the Yoast SEO plugin v25.6 - https:\/\/yoast.com\/wordpress\/plugins\/seo\/ -->\n<title>Cursos alternatius - Escola Joso Sabadell<\/title>\n<meta name=\"robots\" content=\"index, follow, max-snippet:-1, max-image-preview:large, max-video-preview:-1\" \/>\n<link rel=\"canonical\" href=\"https:\/\/jososabadell.cat\/es\/cursos\/cursos-alternatius\/\" \/>\n<meta property=\"og:locale\" content=\"es_ES\" \/>\n<meta property=\"og:type\" content=\"article\" \/>\n<meta property=\"og:title\" content=\"Cursos alternatius - Escola Joso Sabadell\" \/>\n<meta property=\"og:description\" content=\"Il\u00b7lustraci\u00f3 de Miki Luque, alumne de l&#039;escola.Cursos alternatiusPossibilitat d\u2019accedir a mat\u00e8ries espec\u00edfiques dels programes regulars per part de l\u2019alumnat que nom\u00e9s precisi explorar aquests aspectes puntuals per tal d\u2019assolir els seus objectius gr\u00e0fics i narratius.Durada:&nbsp; 1 any, prorrogable fins a complir els objectius de l\u2019alumne.Contacta amb nosaltres per m\u00e9s informaci\u00f3!Continguts lectius de les mat\u00e8ries del [&hellip;]\" \/>\n<meta property=\"og:url\" content=\"https:\/\/jososabadell.cat\/es\/cursos\/cursos-alternatius\/\" \/>\n<meta property=\"og:site_name\" content=\"Escola Joso Sabadell\" \/>\n<meta property=\"article:publisher\" content=\"https:\/\/www.facebook.com\/escolajososabadell\/\" \/>\n<meta property=\"article:modified_time\" content=\"2019-02-02T19:55:14+00:00\" \/>\n<meta name=\"twitter:card\" content=\"summary_large_image\" \/>\n<meta name=\"twitter:site\" content=\"@EscolaJosoSbd\" \/>\n<meta name=\"twitter:label1\" content=\"Tiempo de lectura\" \/>\n\t<meta name=\"twitter:data1\" content=\"1 minuto\" \/>\n<script type=\"application\/ld+json\" class=\"yoast-schema-graph\">{\"@context\":\"https:\/\/schema.org\",\"@graph\":[{\"@type\":\"WebPage\",\"@id\":\"https:\/\/jososabadell.cat\/cursos\/cursos-alternatius\/\",\"url\":\"https:\/\/jososabadell.cat\/cursos\/cursos-alternatius\/\",\"name\":\"Cursos alternatius - Escola Joso Sabadell\",\"isPartOf\":{\"@id\":\"https:\/\/jososabadell.cat\/#website\"},\"datePublished\":\"2018-03-27T18:36:50+00:00\",\"dateModified\":\"2019-02-02T19:55:14+00:00\",\"breadcrumb\":{\"@id\":\"https:\/\/jososabadell.cat\/cursos\/cursos-alternatius\/#breadcrumb\"},\"inLanguage\":\"es\",\"potentialAction\":[{\"@type\":\"ReadAction\",\"target\":[\"https:\/\/jososabadell.cat\/cursos\/cursos-alternatius\/\"]}]},{\"@type\":\"BreadcrumbList\",\"@id\":\"https:\/\/jososabadell.cat\/cursos\/cursos-alternatius\/#breadcrumb\",\"itemListElement\":[{\"@type\":\"ListItem\",\"position\":1,\"name\":\"Inici\",\"item\":\"https:\/\/jososabadell.cat\/\"},{\"@type\":\"ListItem\",\"position\":2,\"name\":\"Cursos\",\"item\":\"https:\/\/jososabadell.cat\/cursos\/\"},{\"@type\":\"ListItem\",\"position\":3,\"name\":\"Cursos alternatius\"}]},{\"@type\":\"WebSite\",\"@id\":\"https:\/\/jososabadell.cat\/#website\",\"url\":\"https:\/\/jososabadell.cat\/\",\"name\":\"Escola Joso Sabadell\",\"description\":\"\",\"potentialAction\":[{\"@type\":\"SearchAction\",\"target\":{\"@type\":\"EntryPoint\",\"urlTemplate\":\"https:\/\/jososabadell.cat\/?s={search_term_string}\"},\"query-input\":{\"@type\":\"PropertyValueSpecification\",\"valueRequired\":true,\"valueName\":\"search_term_string\"}}],\"inLanguage\":\"es\"}]}<\/script>\n<!-- \/ Yoast SEO plugin. -->","yoast_head_json":{"title":"Cursos alternatius - Escola Joso Sabadell","robots":{"index":"index","follow":"follow","max-snippet":"max-snippet:-1","max-image-preview":"max-image-preview:large","max-video-preview":"max-video-preview:-1"},"canonical":"https:\/\/jososabadell.cat\/es\/cursos\/cursos-alternatius\/","og_locale":"es_ES","og_type":"article","og_title":"Cursos alternatius - Escola Joso Sabadell","og_description":"Il\u00b7lustraci\u00f3 de Miki Luque, alumne de l'escola.Cursos alternatiusPossibilitat d\u2019accedir a mat\u00e8ries espec\u00edfiques dels programes regulars per part de l\u2019alumnat que nom\u00e9s precisi explorar aquests aspectes puntuals per tal d\u2019assolir els seus objectius gr\u00e0fics i narratius.Durada:&nbsp; 1 any, prorrogable fins a complir els objectius de l\u2019alumne.Contacta amb nosaltres per m\u00e9s informaci\u00f3!Continguts lectius de les mat\u00e8ries del [&hellip;]","og_url":"https:\/\/jososabadell.cat\/es\/cursos\/cursos-alternatius\/","og_site_name":"Escola Joso Sabadell","article_publisher":"https:\/\/www.facebook.com\/escolajososabadell\/","article_modified_time":"2019-02-02T19:55:14+00:00","twitter_card":"summary_large_image","twitter_site":"@EscolaJosoSbd","twitter_misc":{"Tiempo de lectura":"1 minuto"},"schema":{"@context":"https:\/\/schema.org","@graph":[{"@type":"WebPage","@id":"https:\/\/jososabadell.cat\/cursos\/cursos-alternatius\/","url":"https:\/\/jososabadell.cat\/cursos\/cursos-alternatius\/","name":"Cursos alternatius - Escola Joso Sabadell","isPartOf":{"@id":"https:\/\/jososabadell.cat\/#website"},"datePublished":"2018-03-27T18:36:50+00:00","dateModified":"2019-02-02T19:55:14+00:00","breadcrumb":{"@id":"https:\/\/jososabadell.cat\/cursos\/cursos-alternatius\/#breadcrumb"},"inLanguage":"es","potentialAction":[{"@type":"ReadAction","target":["https:\/\/jososabadell.cat\/cursos\/cursos-alternatius\/"]}]},{"@type":"BreadcrumbList","@id":"https:\/\/jososabadell.cat\/cursos\/cursos-alternatius\/#breadcrumb","itemListElement":[{"@type":"ListItem","position":1,"name":"Inici","item":"https:\/\/jososabadell.cat\/"},{"@type":"ListItem","position":2,"name":"Cursos","item":"https:\/\/jososabadell.cat\/cursos\/"},{"@type":"ListItem","position":3,"name":"Cursos alternatius"}]},{"@type":"WebSite","@id":"https:\/\/jososabadell.cat\/#website","url":"https:\/\/jososabadell.cat\/","name":"&nbsp;Escola Joso Sabadell","description":"","potentialAction":[{"@type":"SearchAction","target":{"@type":"EntryPoint","urlTemplate":"https:\/\/jososabadell.cat\/?s={search_term_string}"},"query-input":{"@type":"PropertyValueSpecification","valueRequired":true,"valueName":"search_term_string"}}],"inLanguage":"es"}]}},"_links":{"self":[{"href":"https:\/\/jososabadell.cat\/es\/wp-json\/wp\/v2\/pages\/17"}],"collection":[{"href":"https:\/\/jososabadell.cat\/es\/wp-json\/wp\/v2\/pages"}],"about":[{"href":"https:\/\/jososabadell.cat\/es\/wp-json\/wp\/v2\/types\/page"}],"author":[{"embeddable":true,"href":"https:\/\/jososabadell.cat\/es\/wp-json\/wp\/v2\/users\/1"}],"replies":[{"embeddable":true,"href":"https:\/\/jososabadell.cat\/es\/wp-json\/wp\/v2\/comments?post=17"}],"version-history":[{"count":9,"href":"https:\/\/jososabadell.cat\/es\/wp-json\/wp\/v2\/pages\/17\/revisions"}],"predecessor-version":[{"id":1363,"href":"https:\/\/jososabadell.cat\/es\/wp-json\/wp\/v2\/pages\/17\/revisions\/1363"}],"up":[{"embeddable":true,"href":"https:\/\/jososabadell.cat\/es\/wp-json\/wp\/v2\/pages\/9"}],"wp:attachment":[{"href":"https:\/\/jososabadell.cat\/es\/wp-json\/wp\/v2\/media?parent=17"}],"curies":[{"name":"wp","href":"https:\/\/api.w.org\/{rel}","templated":true}]}}