{"id":9,"date":"2018-03-27T20:35:52","date_gmt":"2018-03-27T18:35:52","guid":{"rendered":"http:\/\/jososabadell.cat\/?page_id=9"},"modified":"2025-06-03T12:04:48","modified_gmt":"2025-06-03T10:04:48","slug":"cursos","status":"publish","type":"page","link":"https:\/\/jososabadell.cat\/es\/cursos\/","title":{"rendered":"Cursos"},"content":{"rendered":"<div class=\"vce-row-container\" data-vce-boxed-width=\"true\"><div class=\"vce-row vce-row--has-col-background vce-row--col-gap-30 vce-row-content--top\" id=\"el-e4d9f38e\" data-vce-do-apply=\"all el-e4d9f38e\"><div class=\"vce-row-content\" data-vce-element-content=\"true\"><div class=\"vce-col vce-element--has-background vce-col--md-33-33p vce-col--xs-1 vce-col--xs-last vce-col--xs-first vce-col--sm-last vce-col--sm-first vce-col--md-first vce-col--lg-first vce-col--xl-first\" id=\"el-86329213\"><div class=\"vce-col-inner\" data-vce-do-apply=\"border margin background  el-86329213\"><div class=\"vce-content-background-container\"><\/div><div class=\"vce-col-content\" data-vce-element-content=\"true\" data-vce-do-apply=\"padding el-86329213\"><div class=\"vce-single-image-container vce-single-image--align-left\"><div class=\"vce vce-single-image-wrapper\" id=\"el-ca212f89\" data-vce-do-apply=\"all el-ca212f89\"><figure><div class=\"vce-single-image-figure-inner\" style=\"width: 500px;\"><a href=\"http:\/\/jososabadell.cat\/es\/cursos\/art-grafic\/\" title=\"\" target=\"_blank\" class=\"vce-single-image-inner vce-single-image--absolute vce-single-image--border-rounded\" style=\"width: 100%; padding-bottom: 60%;\" rel=\"noopener\"><img loading=\"lazy\" decoding=\"async\" class=\"vce-single-image\"  width=\"500\" height=\"300\" srcset=\"https:\/\/jososabadell.cat\/wp-content\/uploads\/2018\/05\/ArtGrafic_MarcWEB-500x300.jpg 500w, https:\/\/jososabadell.cat\/wp-content\/uploads\/2025\/06\/ArtGrafic_MarcWEB-320x192.jpg 320w\" src=\"https:\/\/jososabadell.cat\/wp-content\/uploads\/2018\/05\/ArtGrafic_MarcWEB-500x300.jpg\" data-img-src=\"https:\/\/jososabadell.cat\/wp-content\/uploads\/2018\/05\/ArtGrafic_MarcWEB.jpg\" data-attachment-id=\"1067\"  alt=\"\" title=\"ArtGrafic_MarcWEB\" \/><\/a><\/div><figcaption hidden=\"\"><\/figcaption><\/figure><\/div><\/div><div class=\"vce-text-block\"><div class=\"vce-text-block-wrapper vce\" id=\"el-aa4190be\" data-vce-do-apply=\"all el-aa4190be\"><h1 style=\"text-align: center;\"><span style=\"color: #ffffff;\">Art Gr\u00e0fic<\/span><\/h1><p style=\"text-align: center;\"><span style=\"color: #ffffff;\">Programa de formaci\u00f3n gr\u00e1fica integral, pensado para alumnos que quieren acceder al mundo profesional.<\/span><\/p><\/div><\/div><div class=\"vce-button--style-basic-container vce-button--style-basic-container--align-center\"><span class=\"vce-button--style-basic-wrapper vce\" id=\"el-eaf580ba\" data-vce-do-apply=\"margin el-eaf580ba\"><a class=\"vce-button vce-button--style-basic vce-button--style-basic--border-rounded vce-button--style-basic--size-small vce-button--style-basic--color-b-255-255-255--b-204-51-51\" href=\"http:\/\/jososabadell.cat\/es\/cursos\/art-grafic\/\" title=\"\" data-vce-do-apply=\"padding border background  el-eaf580ba\">+ info<\/a><\/span><\/div><\/div><\/div><\/div><div class=\"vce-col vce-element--has-background vce-col--md-33-33p vce-col--xs-1 vce-col--xs-last vce-col--xs-first vce-col--sm-last vce-col--sm-first\" id=\"el-c258a896\"><div class=\"vce-col-inner\" data-vce-do-apply=\"border margin background  el-c258a896\"><div class=\"vce-content-background-container\"><\/div><div class=\"vce-col-content\" data-vce-element-content=\"true\" data-vce-do-apply=\"padding el-c258a896\"><div class=\"vce-single-image-container vce-single-image--align-left\"><div class=\"vce vce-single-image-wrapper\" id=\"el-b4cf05c5\" data-vce-do-apply=\"all el-b4cf05c5\"><figure><div class=\"vce-single-image-figure-inner\" style=\"width: 500px;\"><a href=\"http:\/\/jososabadell.cat\/es\/cursos\/comic-manga\/\" title=\"\" target=\"_blank\" class=\"vce-single-image-inner vce-single-image--absolute\" style=\"width: 100%; padding-bottom: 60%;\" rel=\"noopener\"><img loading=\"lazy\" decoding=\"async\" class=\"vce-single-image\"  width=\"500\" height=\"300\" srcset=\"https:\/\/jososabadell.cat\/wp-content\/uploads\/2018\/05\/ComicManga_EnricWEB-500x300.jpg 500w, https:\/\/jososabadell.cat\/wp-content\/uploads\/2018\/05\/ComicManga_EnricWEB-800x370.jpg 800w, https:\/\/jososabadell.cat\/wp-content\/uploads\/2025\/06\/ComicManga_EnricWEB-320x192.jpg 320w\" src=\"https:\/\/jososabadell.cat\/wp-content\/uploads\/2018\/05\/ComicManga_EnricWEB-500x300.jpg\" data-img-src=\"https:\/\/jososabadell.cat\/wp-content\/uploads\/2018\/05\/ComicManga_EnricWEB.jpg\" data-attachment-id=\"1068\"  alt=\"\" title=\"ComicManga_EnricWEB\" \/><\/a><\/div><figcaption hidden=\"\"><\/figcaption><\/figure><\/div><\/div><div class=\"vce-text-block\"><div class=\"vce-text-block-wrapper vce\" id=\"el-54bda038\" data-vce-do-apply=\"all el-54bda038\"><h1 style=\"text-align: center;\"><span style=\"color: #ffffff;\"><b>C\u00f3mic - manga<\/b><\/span><\/h1><p style=\"text-align: center;\"><span style=\"color: #ffffff;\">Programa extralaboral o extraacad\u00e9mico para alumnos que quieran dominar los fundamentos del noveno arte.<\/span><\/p><\/div><\/div><div class=\"vce-button--style-basic-container vce-button--style-basic-container--align-center\"><span class=\"vce-button--style-basic-wrapper vce\" id=\"el-25c91a6d\" data-vce-do-apply=\"margin el-25c91a6d\"><a class=\"vce-button vce-button--style-basic vce-button--style-basic--border-rounded vce-button--style-basic--size-small vce-button--style-basic--color-b-255-255-255--b-204-51-51\" href=\"http:\/\/jososabadell.cat\/es\/cursos\/comic-manga\/\" title=\"\" data-vce-do-apply=\"padding border background  el-25c91a6d\">+ info<\/a><\/span><\/div><\/div><\/div><\/div><div class=\"vce-col vce-element--has-background vce-col--md-33-33p vce-col--xs-1 vce-col--xs-last vce-col--xs-first vce-col--sm-last vce-col--sm-first vce-col--md-last vce-col--lg-last vce-col--xl-last\" id=\"el-5d5863a3\"><div class=\"vce-col-inner\" data-vce-do-apply=\"border margin background  el-5d5863a3\"><div class=\"vce-content-background-container\"><\/div><div class=\"vce-col-content\" data-vce-element-content=\"true\" data-vce-do-apply=\"padding el-5d5863a3\"><div class=\"vce-single-image-container vce-single-image--align-center\"><div class=\"vce vce-single-image-wrapper\" id=\"el-84620fd6\" data-vce-do-apply=\"all el-84620fd6\"><figure><div class=\"vce-single-image-figure-inner\" style=\"width: 500px;\"><a href=\"http:\/\/jososabadell.cat\/es\/cursos\/comic-manga-infantil\/\" title=\"\" target=\"_blank\" class=\"vce-single-image-inner vce-single-image--absolute vce-single-image--border-rounded\" style=\"width: 100%; padding-bottom: 60%;\" rel=\"noopener\"><img loading=\"lazy\" decoding=\"async\" class=\"vce-single-image\"  width=\"500\" height=\"300\" srcset=\"https:\/\/jososabadell.cat\/wp-content\/uploads\/2018\/05\/ComicMangaInf_BlaiWEB-500x300.jpg 500w, https:\/\/jososabadell.cat\/wp-content\/uploads\/2018\/05\/ComicMangaInf_BlaiWEB-800x370.jpg 800w, https:\/\/jososabadell.cat\/wp-content\/uploads\/2025\/06\/ComicMangaInf_BlaiWEB-320x192.jpg 320w\" src=\"https:\/\/jososabadell.cat\/wp-content\/uploads\/2018\/05\/ComicMangaInf_BlaiWEB-500x300.jpg\" data-img-src=\"https:\/\/jososabadell.cat\/wp-content\/uploads\/2018\/05\/ComicMangaInf_BlaiWEB.jpg\" data-attachment-id=\"1069\"  alt=\"\" title=\"ComicMangaInf_BlaiWEB\" \/><\/a><\/div><figcaption hidden=\"\"><\/figcaption><\/figure><\/div><\/div><div class=\"vce-text-block\"><div class=\"vce-text-block-wrapper vce\" id=\"el-3bf30b29\" data-vce-do-apply=\"all el-3bf30b29\"><h1 style=\"text-align: center;\"><span style=\"color: #ffffff;\"><b>C\u00f3mic - manga infantil<\/b><\/span><\/h1><p style=\"text-align: center;\"><span style=\"color: #ffffff;\">Programa de iniciaci\u00f3n al mundo del dibujo y de preparaci\u00f3n para acceder al curso de adultos. Pensado para ni\u00f1os y ni\u00f1as de 8 hasta 14 a\u00f1os.<\/span><\/p><\/div><\/div><div class=\"vce-button--style-basic-container vce-button--style-basic-container--align-center\"><span class=\"vce-button--style-basic-wrapper vce\" id=\"el-5e9c1fce\" data-vce-do-apply=\"margin el-5e9c1fce\"><a class=\"vce-button vce-button--style-basic vce-button--style-basic--border-rounded vce-button--style-basic--size-small vce-button--style-basic--color-b-255-255-255--b-204-51-51\" href=\"http:\/\/jososabadell.cat\/es\/cursos\/comic-manga-infantil\/\" title=\"\" data-vce-do-apply=\"padding border background  el-5e9c1fce\">+ info<\/a><\/span><\/div><\/div><\/div><\/div><\/div><\/div><\/div><div class=\"vce-row-container\" data-vce-boxed-width=\"true\"><div class=\"vce-row vce-row--col-gap-30 vce-row-content--top\" id=\"el-94f89469\" data-vce-do-apply=\"all el-94f89469\"><div class=\"vce-row-content\" data-vce-element-content=\"true\"><div class=\"vce-col vce-col--md-auto vce-col--xs-1 vce-col--xs-last vce-col--xs-first vce-col--sm-last vce-col--sm-first vce-col--md-last vce-col--lg-last vce-col--xl-last vce-col--md-first vce-col--lg-first vce-col--xl-first\" id=\"el-eaa7db78\"><div class=\"vce-col-inner\" data-vce-do-apply=\"border margin background  el-eaa7db78\"><div class=\"vce-col-content\" data-vce-element-content=\"true\" data-vce-do-apply=\"padding el-eaa7db78\"><div class=\"vcv-row-control-wrapper\"><\/div><\/div><\/div><\/div><\/div><\/div><\/div><div class=\"vce-row-container\" data-vce-boxed-width=\"true\"><div class=\"vce-row vce-row--has-col-background vce-row--col-gap-30 vce-row-content--top\" id=\"el-57820de7\" data-vce-do-apply=\"all el-57820de7\"><div class=\"vce-row-content\" data-vce-element-content=\"true\"><div class=\"vce-col vce-element--has-background vce-col--md-33-33p vce-col--xs-1 vce-col--xs-last vce-col--xs-first vce-col--sm-last vce-col--sm-first vce-col--md-first vce-col--lg-first vce-col--xl-first\" id=\"el-a555e040\"><div class=\"vce-col-inner\" data-vce-do-apply=\"border margin background  el-a555e040\"><div class=\"vce-content-background-container\"><\/div><div class=\"vce-col-content\" data-vce-element-content=\"true\" data-vce-do-apply=\"padding el-a555e040\"><div class=\"vce-single-image-container vce-single-image--align-left\"><div class=\"vce vce-single-image-wrapper\" id=\"el-359dbcaa\" data-vce-do-apply=\"all el-359dbcaa\"><figure><div class=\"vce-single-image-figure-inner\" style=\"width: 500px;\"><a href=\"http:\/\/jososabadell.cat\/es\/cursos\/illustracio\/\" title=\"\" target=\"_blank\" class=\"vce-single-image-inner vce-single-image--absolute\" style=\"width: 100%; padding-bottom: 60%;\" rel=\"noopener\"><img loading=\"lazy\" decoding=\"async\" class=\"vce-single-image\"  width=\"500\" height=\"300\" srcset=\"https:\/\/jososabadell.cat\/wp-content\/uploads\/2018\/05\/Ilu_MarcWEB-500x300.jpg 500w, https:\/\/jososabadell.cat\/wp-content\/uploads\/2025\/06\/Ilu_MarcWEB-320x192.jpg 320w\" src=\"https:\/\/jososabadell.cat\/wp-content\/uploads\/2018\/05\/Ilu_MarcWEB-500x300.jpg\" data-img-src=\"https:\/\/jososabadell.cat\/wp-content\/uploads\/2018\/05\/Ilu_MarcWEB.jpg\" data-attachment-id=\"1065\"  alt=\"\" title=\"Ilu_MarcWEB\" \/><\/a><\/div><figcaption hidden=\"\"><\/figcaption><\/figure><\/div><\/div><div class=\"vce-text-block\"><div class=\"vce-text-block-wrapper vce\" id=\"el-792c4152\" data-vce-do-apply=\"all el-792c4152\"><h1 style=\"text-align: center;\"><span style=\"color: #ffffff;\"><b>Ilustraci\u00f3n<\/b><\/span><\/h1><p style=\"text-align: center;\"><span style=\"color: #ffffff;\">Programa avanzado de tratamiento de las t\u00e9cnicas de color y la composici\u00f3n del dibujo.<\/span><\/p><\/div><\/div><div class=\"vce-button--style-basic-container vce-button--style-basic-container--align-center\"><span class=\"vce-button--style-basic-wrapper vce\" id=\"el-9fc43de9\" data-vce-do-apply=\"margin el-9fc43de9\"><a class=\"vce-button vce-button--style-basic vce-button--style-basic--border-rounded vce-button--style-basic--size-small vce-button--style-basic--color-b-255-255-255--b-204-51-51\" href=\"http:\/\/jososabadell.cat\/es\/cursos\/illustracio\/\" title=\"\" data-vce-do-apply=\"padding border background  el-9fc43de9\">+ info<\/a><\/span><\/div><\/div><\/div><\/div><div class=\"vce-col vce-element--has-background vce-col--md-33-33p vce-col--xs-1 vce-col--xs-last vce-col--xs-first vce-col--sm-last vce-col--sm-first\" id=\"el-0315f322\"><div class=\"vce-col-inner\" data-vce-do-apply=\"border margin background  el-0315f322\"><div class=\"vce-content-background-container\"><\/div><div class=\"vce-col-content\" data-vce-element-content=\"true\" data-vce-do-apply=\"padding el-0315f322\"><div class=\"vce-single-image-container vce-single-image--align-left\"><div class=\"vce vce-single-image-wrapper\" id=\"el-048b34f1\" data-vce-do-apply=\"all el-048b34f1\"><figure><div class=\"vce-single-image-figure-inner\" style=\"width: 500px;\"><a href=\"http:\/\/jososabadell.cat\/es\/cursos\/cursos-alternatius\/\" title=\"\" target=\"_blank\" class=\"vce-single-image-inner vce-single-image--absolute\" style=\"width: 100%; padding-bottom: 60%;\" rel=\"noopener\"><img loading=\"lazy\" decoding=\"async\" class=\"vce-single-image\"  width=\"500\" height=\"300\" srcset=\"https:\/\/jososabadell.cat\/wp-content\/uploads\/2018\/05\/Alternatius_MikiWEB-500x300.jpg 500w, https:\/\/jososabadell.cat\/wp-content\/uploads\/2018\/05\/Alternatius_MikiWEB-800x370.jpg 800w, https:\/\/jososabadell.cat\/wp-content\/uploads\/2025\/06\/Alternatius_MikiWEB-320x192.jpg 320w\" src=\"https:\/\/jososabadell.cat\/wp-content\/uploads\/2018\/05\/Alternatius_MikiWEB-500x300.jpg\" data-img-src=\"https:\/\/jososabadell.cat\/wp-content\/uploads\/2018\/05\/Alternatius_MikiWEB.jpg\" data-attachment-id=\"1066\"  alt=\"\" title=\"Alternatius_MikiWEB\" \/><\/a><\/div><figcaption hidden=\"\"><\/figcaption><\/figure><\/div><\/div><div class=\"vce-text-block\"><div class=\"vce-text-block-wrapper vce\" id=\"el-af80e0aa\" data-vce-do-apply=\"all el-af80e0aa\"><h1 style=\"text-align: center;\"><span style=\"color: #ffffff;\"><b>Cursos alternativos<\/b><\/span><\/h1><p style=\"text-align: center;\"><span style=\"font-weight: 400; color: #ffffff;\">Posibilidad de acceder a materias espec\u00edficas de los programas regulares por parte del alumnado que s\u00f3lo precise explorar estos aspectos puntuales con tal de alcanzar sus objetivos gr\u00e1ficos y narrativos.<\/span><\/p><\/div><\/div><div class=\"vce-button--style-basic-container vce-button--style-basic-container--align-center\"><span class=\"vce-button--style-basic-wrapper vce\" id=\"el-2e590d3f\" data-vce-do-apply=\"margin el-2e590d3f\"><a class=\"vce-button vce-button--style-basic vce-button--style-basic--border-rounded vce-button--style-basic--size-small vce-button--style-basic--color-b-255-255-255--b-204-51-51\" href=\"http:\/\/jososabadell.cat\/es\/cursos\/cursos-alternatius\/\" title=\"\" data-vce-do-apply=\"padding border background  el-2e590d3f\">+ info<\/a><\/span><\/div><\/div><\/div><\/div><div class=\"vce-col vce-element--has-background vce-col--md-33-33p vce-col--xs-1 vce-col--xs-last vce-col--xs-first vce-col--sm-last vce-col--sm-first vce-col--md-last vce-col--lg-last vce-col--xl-last\" id=\"el-ae02eabe\"><div class=\"vce-col-inner\" data-vce-do-apply=\"border margin background  el-ae02eabe\"><div class=\"vce-content-background-container\"><\/div><div class=\"vce-col-content\" data-vce-element-content=\"true\" data-vce-do-apply=\"padding el-ae02eabe\"><div class=\"vce-single-image-container vce-single-image--align-left\"><div class=\"vce vce-single-image-wrapper\" id=\"el-7049e0b8\" data-vce-do-apply=\"all el-7049e0b8\"><figure><div class=\"vce-single-image-figure-inner\" style=\"width: 500px;\"><a href=\"http:\/\/jososabadell.cat\/es\/cursos\/cursos-destiu\/\" title=\"\" target=\"_blank\" class=\"vce-single-image-inner vce-single-image--absolute\" style=\"width: 100%; padding-bottom: 60%;\" rel=\"noopener\"><img loading=\"lazy\" decoding=\"async\" class=\"vce-single-image\"  width=\"500\" height=\"300\" srcset=\"https:\/\/jososabadell.cat\/wp-content\/uploads\/2018\/05\/CursosEstiu_EnricWEB-500x300.jpg 500w, https:\/\/jososabadell.cat\/wp-content\/uploads\/2018\/05\/CursosEstiu_EnricWEB-800x370.jpg 800w, https:\/\/jososabadell.cat\/wp-content\/uploads\/2025\/06\/CursosEstiu_EnricWEB-320x192.jpg 320w\" src=\"https:\/\/jososabadell.cat\/wp-content\/uploads\/2018\/05\/CursosEstiu_EnricWEB-500x300.jpg\" data-img-src=\"https:\/\/jososabadell.cat\/wp-content\/uploads\/2018\/05\/CursosEstiu_EnricWEB.jpg\" data-attachment-id=\"1064\"  alt=\"\" title=\"CursosEstiu_EnricWEB\" \/><\/a><\/div><figcaption hidden=\"\"><\/figcaption><\/figure><\/div><\/div><div class=\"vce-text-block\"><div class=\"vce-text-block-wrapper vce\" id=\"el-27138e7e\" data-vce-do-apply=\"all el-27138e7e\"><h1 style=\"text-align: center;\"><span style=\"color: #ffffff;\"><b>Cursos de verano<\/b><\/span><\/h1><p style=\"text-align: center;\"><span style=\"font-weight: 400; color: #ffffff;\">Programas de iniciaci\u00f3n o de profundizaje de diferentes materias espec\u00edficas. Pensados para nuevos y nuevas alumnas o para complementar los programas regulares.<\/span><\/p><\/div><\/div><div class=\"vce-button--style-basic-container vce-button--style-basic-container--align-center\"><span class=\"vce-button--style-basic-wrapper vce\" id=\"el-09cf028f\" data-vce-do-apply=\"margin el-09cf028f\"><a class=\"vce-button vce-button--style-basic vce-button--style-basic--border-rounded vce-button--style-basic--size-small vce-button--style-basic--color-b-255-255-255--b-204-51-51\" href=\"https:\/\/jososabadell.cat\/es\/cursos\/estiu\/\" title=\"\" data-vce-do-apply=\"padding border background  el-09cf028f\">+ info<\/a><\/span><\/div><\/div><\/div><\/div><\/div><\/div><\/div>","protected":false},"excerpt":{"rendered":"<p>Art Gr\u00e0ficPrograma de formaci\u00f3 gr\u00e0fica integral, pensat per a alumnes que volen accedir al m\u00f3n professional.+ infoC\u00f2mic &#8211; mangaPrograma extralaboral o extraacad\u00e8mic per a alumnes que vulguin dominar els fonaments del nov\u00e8 art.+ infoC\u00f2mic &#8211; manga infantilPrograma d\u2019iniciaci\u00f3 al m\u00f3n del dibuix i de preparaci\u00f3 per accedir al curs d\u2019adults. Pensat per a nois i [&hellip;]<\/p>\n","protected":false},"author":1,"featured_media":0,"parent":0,"menu_order":0,"comment_status":"closed","ping_status":"closed","template":"","meta":{"_monsterinsights_skip_tracking":false,"_monsterinsights_sitenote_active":false,"_monsterinsights_sitenote_note":"","_monsterinsights_sitenote_category":0,"footnotes":""},"class_list":["post-9","page","type-page","status-publish","hentry"],"yoast_head":"<!-- This site is optimized with the Yoast SEO plugin v25.6 - https:\/\/yoast.com\/wordpress\/plugins\/seo\/ -->\n<title>Cursos - Escola Joso Sabadell<\/title>\n<meta name=\"robots\" content=\"index, follow, max-snippet:-1, max-image-preview:large, max-video-preview:-1\" \/>\n<link rel=\"canonical\" href=\"https:\/\/jososabadell.cat\/es\/cursos\/\" \/>\n<meta property=\"og:locale\" content=\"es_ES\" \/>\n<meta property=\"og:type\" content=\"article\" \/>\n<meta property=\"og:title\" content=\"Cursos - Escola Joso Sabadell\" \/>\n<meta property=\"og:description\" content=\"Art Gr\u00e0ficPrograma de formaci\u00f3 gr\u00e0fica integral, pensat per a alumnes que volen accedir al m\u00f3n professional.+ infoC\u00f2mic - mangaPrograma extralaboral o extraacad\u00e8mic per a alumnes que vulguin dominar els fonaments del nov\u00e8 art.+ infoC\u00f2mic - manga infantilPrograma d\u2019iniciaci\u00f3 al m\u00f3n del dibuix i de preparaci\u00f3 per accedir al curs d\u2019adults. Pensat per a nois i [&hellip;]\" \/>\n<meta property=\"og:url\" content=\"https:\/\/jososabadell.cat\/es\/cursos\/\" \/>\n<meta property=\"og:site_name\" content=\"Escola Joso Sabadell\" \/>\n<meta property=\"article:publisher\" content=\"https:\/\/www.facebook.com\/escolajososabadell\/\" \/>\n<meta property=\"article:modified_time\" content=\"2025-06-03T10:04:48+00:00\" \/>\n<meta name=\"twitter:card\" content=\"summary_large_image\" \/>\n<meta name=\"twitter:site\" content=\"@EscolaJosoSbd\" \/>\n<meta name=\"twitter:label1\" content=\"Tiempo de lectura\" \/>\n\t<meta name=\"twitter:data1\" content=\"1 minuto\" \/>\n<script type=\"application\/ld+json\" class=\"yoast-schema-graph\">{\"@context\":\"https:\/\/schema.org\",\"@graph\":[{\"@type\":\"WebPage\",\"@id\":\"https:\/\/jososabadell.cat\/cursos\/\",\"url\":\"https:\/\/jososabadell.cat\/cursos\/\",\"name\":\"Cursos - Escola Joso Sabadell\",\"isPartOf\":{\"@id\":\"https:\/\/jososabadell.cat\/#website\"},\"datePublished\":\"2018-03-27T18:35:52+00:00\",\"dateModified\":\"2025-06-03T10:04:48+00:00\",\"breadcrumb\":{\"@id\":\"https:\/\/jososabadell.cat\/cursos\/#breadcrumb\"},\"inLanguage\":\"es\",\"potentialAction\":[{\"@type\":\"ReadAction\",\"target\":[\"https:\/\/jososabadell.cat\/cursos\/\"]}]},{\"@type\":\"BreadcrumbList\",\"@id\":\"https:\/\/jososabadell.cat\/cursos\/#breadcrumb\",\"itemListElement\":[{\"@type\":\"ListItem\",\"position\":1,\"name\":\"Inici\",\"item\":\"https:\/\/jososabadell.cat\/\"},{\"@type\":\"ListItem\",\"position\":2,\"name\":\"Cursos\"}]},{\"@type\":\"WebSite\",\"@id\":\"https:\/\/jososabadell.cat\/#website\",\"url\":\"https:\/\/jososabadell.cat\/\",\"name\":\"Escola Joso Sabadell\",\"description\":\"\",\"potentialAction\":[{\"@type\":\"SearchAction\",\"target\":{\"@type\":\"EntryPoint\",\"urlTemplate\":\"https:\/\/jososabadell.cat\/?s={search_term_string}\"},\"query-input\":{\"@type\":\"PropertyValueSpecification\",\"valueRequired\":true,\"valueName\":\"search_term_string\"}}],\"inLanguage\":\"es\"}]}<\/script>\n<!-- \/ Yoast SEO plugin. -->","yoast_head_json":{"title":"Cursos - Escola Joso Sabadell","robots":{"index":"index","follow":"follow","max-snippet":"max-snippet:-1","max-image-preview":"max-image-preview:large","max-video-preview":"max-video-preview:-1"},"canonical":"https:\/\/jososabadell.cat\/es\/cursos\/","og_locale":"es_ES","og_type":"article","og_title":"Cursos - Escola Joso Sabadell","og_description":"Art Gr\u00e0ficPrograma de formaci\u00f3 gr\u00e0fica integral, pensat per a alumnes que volen accedir al m\u00f3n professional.+ infoC\u00f2mic - mangaPrograma extralaboral o extraacad\u00e8mic per a alumnes que vulguin dominar els fonaments del nov\u00e8 art.+ infoC\u00f2mic - manga infantilPrograma d\u2019iniciaci\u00f3 al m\u00f3n del dibuix i de preparaci\u00f3 per accedir al curs d\u2019adults. Pensat per a nois i [&hellip;]","og_url":"https:\/\/jososabadell.cat\/es\/cursos\/","og_site_name":"Escola Joso Sabadell","article_publisher":"https:\/\/www.facebook.com\/escolajososabadell\/","article_modified_time":"2025-06-03T10:04:48+00:00","twitter_card":"summary_large_image","twitter_site":"@EscolaJosoSbd","twitter_misc":{"Tiempo de lectura":"1 minuto"},"schema":{"@context":"https:\/\/schema.org","@graph":[{"@type":"WebPage","@id":"https:\/\/jososabadell.cat\/cursos\/","url":"https:\/\/jososabadell.cat\/cursos\/","name":"Cursos - Escola Joso Sabadell","isPartOf":{"@id":"https:\/\/jososabadell.cat\/#website"},"datePublished":"2018-03-27T18:35:52+00:00","dateModified":"2025-06-03T10:04:48+00:00","breadcrumb":{"@id":"https:\/\/jososabadell.cat\/cursos\/#breadcrumb"},"inLanguage":"es","potentialAction":[{"@type":"ReadAction","target":["https:\/\/jososabadell.cat\/cursos\/"]}]},{"@type":"BreadcrumbList","@id":"https:\/\/jososabadell.cat\/cursos\/#breadcrumb","itemListElement":[{"@type":"ListItem","position":1,"name":"Inici","item":"https:\/\/jososabadell.cat\/"},{"@type":"ListItem","position":2,"name":"Cursos"}]},{"@type":"WebSite","@id":"https:\/\/jososabadell.cat\/#website","url":"https:\/\/jososabadell.cat\/","name":"&nbsp;Escola Joso Sabadell","description":"","potentialAction":[{"@type":"SearchAction","target":{"@type":"EntryPoint","urlTemplate":"https:\/\/jososabadell.cat\/?s={search_term_string}"},"query-input":{"@type":"PropertyValueSpecification","valueRequired":true,"valueName":"search_term_string"}}],"inLanguage":"es"}]}},"_links":{"self":[{"href":"https:\/\/jososabadell.cat\/es\/wp-json\/wp\/v2\/pages\/9"}],"collection":[{"href":"https:\/\/jososabadell.cat\/es\/wp-json\/wp\/v2\/pages"}],"about":[{"href":"https:\/\/jososabadell.cat\/es\/wp-json\/wp\/v2\/types\/page"}],"author":[{"embeddable":true,"href":"https:\/\/jososabadell.cat\/es\/wp-json\/wp\/v2\/users\/1"}],"replies":[{"embeddable":true,"href":"https:\/\/jososabadell.cat\/es\/wp-json\/wp\/v2\/comments?post=9"}],"version-history":[{"count":14,"href":"https:\/\/jososabadell.cat\/es\/wp-json\/wp\/v2\/pages\/9\/revisions"}],"predecessor-version":[{"id":14659,"href":"https:\/\/jososabadell.cat\/es\/wp-json\/wp\/v2\/pages\/9\/revisions\/14659"}],"wp:attachment":[{"href":"https:\/\/jososabadell.cat\/es\/wp-json\/wp\/v2\/media?parent=9"}],"curies":[{"name":"wp","href":"https:\/\/api.w.org\/{rel}","templated":true}]}}