{"id":961,"date":"2018-04-28T18:08:53","date_gmt":"2018-04-28T16:08:53","guid":{"rendered":"http:\/\/jososabadell.cat\/?page_id=961"},"modified":"2018-05-22T20:54:42","modified_gmt":"2018-05-22T18:54:42","slug":"illustracio","status":"publish","type":"page","link":"https:\/\/jososabadell.cat\/es\/cursos\/illustracio\/","title":{"rendered":"Ilustraci\u00f3n"},"content":{"rendered":"<div class=\"vce-row-container\"><div class=\"vce-row vce-row--col-gap-30 vce-row-columns--top vce-row-content--top\" id=\"el-60ec713c\" data-vce-do-apply=\"all el-60ec713c\"><div class=\"vce-row-content\" data-vce-element-content=\"true\"><div class=\"vce-col vce-col--md-39-61p vce-col--xs-1 vce-col--xs-last vce-col--xs-first vce-col--sm-last vce-col--sm-first vce-col--md-first vce-col--lg-first vce-col--xl-first\" id=\"el-a3f514f0\" data-vce-do-apply=\"background border el-a3f514f0\"><div class=\"vce-col-inner\" data-vce-element-content=\"true\" data-vce-do-apply=\"padding margin  el-a3f514f0\"><div class=\"vce-single-image-container vce-single-image--align-left\"><div class=\"vce vce-single-image-wrapper\" id=\"el-061d4ac7\" data-vce-do-apply=\"all el-061d4ac7\"><figure><div class=\"vce-single-image-inner vce-single-image--border-rounded\"><img decoding=\"async\" class=\"vce-single-image\" data-width=\"818\" data-height=\"491\" src=\"https:\/\/jososabadell.cat\/wp-content\/uploads\/2018\/05\/Ilu_MarcWEB-818x491.jpg\" data-img-src=\"https:\/\/jososabadell.cat\/wp-content\/uploads\/2018\/05\/Ilu_MarcWEB-818x491.jpg\" alt=\"\" title=\"Ilu_MarcWEB\"\/><\/div><\/figure><\/div><\/div><div class=\"vce-text-block\"><div class=\"vce-text-block-wrapper vce\" id=\"el-53e30dc4\" data-vce-do-apply=\"all el-53e30dc4\"><em>Ilustraci\u00f3n de Marc Black, alumno de la escuela.<\/em><\/div><\/div><\/div><\/div><div class=\"vce-col vce-col--md-60-39p vce-col--xs-1 vce-col--xs-last vce-col--xs-first vce-col--sm-last vce-col--sm-first vce-col--md-last vce-col--lg-last vce-col--xl-last\" id=\"el-14858df1\" data-vce-do-apply=\"background border el-14858df1\"><div class=\"vce-col-inner\" data-vce-element-content=\"true\" data-vce-do-apply=\"padding margin  el-14858df1\"><div class=\"vce-text-block\"><div class=\"vce-text-block-wrapper vce\" id=\"el-3a5346e2\" data-vce-do-apply=\"all el-3a5346e2\"><h1 style=\"text-align: center;\"><b>Ilustraci\u00f3n<\/b><\/h1><p style=\"text-align: center;\"><span style=\"font-weight: 400;\">Programa avanzado de tratamiento de las t\u00e9cnicas de color y la composici\u00f3n del dibujo.<\/span><\/p><\/div><\/div><div class=\"vce-text-block\"><div class=\"vce-text-block-wrapper vce\" id=\"el-0774f151\" data-vce-do-apply=\"all el-0774f151\"><p style=\"text-align: center;\"><span style=\"color: #cc3333;\"><strong>Duraci\u00f3n:<span style=\"font-weight: 400; color: #000000;\"> 1 a\u00f1o, prorrogable hasta cumplir objetivos del alumno.<\/span><\/strong><\/span><\/p><\/div><\/div><div class=\"vce-button--style-basic-container vce-button--style-basic-container--align-center\"><span class=\"vce-button--style-basic-wrapper vce\" id=\"el-cabee31d\" data-vce-do-apply=\"margin el-cabee31d\"><a class=\"vce-button--style-basic vce-button--style-basic--border-rounded vce-button--style-basic--size-medium vce-button--style-basic--color-b-204-51-51--fff\" href=\"http:\/\/jososabadell.cat\/es\/formulari\/\" title=\"\" data-vce-do-apply=\"padding border background  el-cabee31d\">Contacta con nosotros para m\u00e1s informaci\u00f3n!<\/a><\/span><\/div><div class=\"vce-text-block\"><div class=\"vce-text-block-wrapper vce\" id=\"el-859a4826\" data-vce-do-apply=\"all el-859a4826\"><p style=\"text-align: center;\"><strong>T\u00e9cnica de color.<\/strong><\/p><\/div><\/div><\/div><\/div><\/div><\/div><\/div>","protected":false},"excerpt":{"rendered":"<p>Il\u00b7lustraci\u00f3 de Marc Black, alumne de l&#8217;escola.Il\u00b7lustraci\u00f3Programa avan\u00e7at de tractament de les t\u00e8cniques de color i la composici\u00f3 del dibuix.Durada: 1 any, prorrogable fins a complir objectius de l\u2019alumne.Contacta amb nosaltres per m\u00e9s informaci\u00f3!T\u00e8cnica de color.<\/p>","protected":false},"author":1,"featured_media":0,"parent":9,"menu_order":0,"comment_status":"closed","ping_status":"closed","template":"","meta":{"_monsterinsights_skip_tracking":false,"_monsterinsights_sitenote_active":false,"_monsterinsights_sitenote_note":"","_monsterinsights_sitenote_category":0,"footnotes":""},"class_list":["post-961","page","type-page","status-publish","hentry"],"yoast_head":"<!-- This site is optimized with the Yoast SEO plugin v25.6 - https:\/\/yoast.com\/wordpress\/plugins\/seo\/ -->\n<title>Il\u00b7lustraci\u00f3 - Escola Joso Sabadell<\/title>\n<meta name=\"robots\" content=\"index, follow, max-snippet:-1, max-image-preview:large, max-video-preview:-1\" \/>\n<link rel=\"canonical\" href=\"https:\/\/jososabadell.cat\/es\/cursos\/illustracio\/\" \/>\n<meta property=\"og:locale\" content=\"es_ES\" \/>\n<meta property=\"og:type\" content=\"article\" \/>\n<meta property=\"og:title\" content=\"Il\u00b7lustraci\u00f3 - Escola Joso Sabadell\" \/>\n<meta property=\"og:description\" content=\"Il\u00b7lustraci\u00f3 de Marc Black, alumne de l&#039;escola.Il\u00b7lustraci\u00f3Programa avan\u00e7at de tractament de les t\u00e8cniques de color i la composici\u00f3 del dibuix.Durada: 1 any, prorrogable fins a complir objectius de l\u2019alumne.Contacta amb nosaltres per m\u00e9s informaci\u00f3!T\u00e8cnica de color.\" \/>\n<meta property=\"og:url\" content=\"https:\/\/jososabadell.cat\/es\/cursos\/illustracio\/\" \/>\n<meta property=\"og:site_name\" content=\"Escola Joso Sabadell\" \/>\n<meta property=\"article:publisher\" content=\"https:\/\/www.facebook.com\/escolajososabadell\/\" \/>\n<meta property=\"article:modified_time\" content=\"2018-05-22T18:54:42+00:00\" \/>\n<meta name=\"twitter:card\" content=\"summary_large_image\" \/>\n<meta name=\"twitter:site\" content=\"@EscolaJosoSbd\" \/>\n<script type=\"application\/ld+json\" class=\"yoast-schema-graph\">{\"@context\":\"https:\/\/schema.org\",\"@graph\":[{\"@type\":\"WebPage\",\"@id\":\"https:\/\/jososabadell.cat\/cursos\/illustracio\/\",\"url\":\"https:\/\/jososabadell.cat\/cursos\/illustracio\/\",\"name\":\"Il\u00b7lustraci\u00f3 - Escola Joso Sabadell\",\"isPartOf\":{\"@id\":\"https:\/\/jososabadell.cat\/#website\"},\"datePublished\":\"2018-04-28T16:08:53+00:00\",\"dateModified\":\"2018-05-22T18:54:42+00:00\",\"breadcrumb\":{\"@id\":\"https:\/\/jososabadell.cat\/cursos\/illustracio\/#breadcrumb\"},\"inLanguage\":\"es\",\"potentialAction\":[{\"@type\":\"ReadAction\",\"target\":[\"https:\/\/jososabadell.cat\/cursos\/illustracio\/\"]}]},{\"@type\":\"BreadcrumbList\",\"@id\":\"https:\/\/jososabadell.cat\/cursos\/illustracio\/#breadcrumb\",\"itemListElement\":[{\"@type\":\"ListItem\",\"position\":1,\"name\":\"Inici\",\"item\":\"https:\/\/jososabadell.cat\/\"},{\"@type\":\"ListItem\",\"position\":2,\"name\":\"Cursos\",\"item\":\"https:\/\/jososabadell.cat\/cursos\/\"},{\"@type\":\"ListItem\",\"position\":3,\"name\":\"Il\u00b7lustraci\u00f3\"}]},{\"@type\":\"WebSite\",\"@id\":\"https:\/\/jososabadell.cat\/#website\",\"url\":\"https:\/\/jososabadell.cat\/\",\"name\":\"Escola Joso Sabadell\",\"description\":\"\",\"potentialAction\":[{\"@type\":\"SearchAction\",\"target\":{\"@type\":\"EntryPoint\",\"urlTemplate\":\"https:\/\/jososabadell.cat\/?s={search_term_string}\"},\"query-input\":{\"@type\":\"PropertyValueSpecification\",\"valueRequired\":true,\"valueName\":\"search_term_string\"}}],\"inLanguage\":\"es\"}]}<\/script>\n<!-- \/ Yoast SEO plugin. -->","yoast_head_json":{"title":"Il\u00b7lustraci\u00f3 - Escola Joso Sabadell","robots":{"index":"index","follow":"follow","max-snippet":"max-snippet:-1","max-image-preview":"max-image-preview:large","max-video-preview":"max-video-preview:-1"},"canonical":"https:\/\/jososabadell.cat\/es\/cursos\/illustracio\/","og_locale":"es_ES","og_type":"article","og_title":"Il\u00b7lustraci\u00f3 - Escola Joso Sabadell","og_description":"Il\u00b7lustraci\u00f3 de Marc Black, alumne de l'escola.Il\u00b7lustraci\u00f3Programa avan\u00e7at de tractament de les t\u00e8cniques de color i la composici\u00f3 del dibuix.Durada: 1 any, prorrogable fins a complir objectius de l\u2019alumne.Contacta amb nosaltres per m\u00e9s informaci\u00f3!T\u00e8cnica de color.","og_url":"https:\/\/jososabadell.cat\/es\/cursos\/illustracio\/","og_site_name":"Escola Joso Sabadell","article_publisher":"https:\/\/www.facebook.com\/escolajososabadell\/","article_modified_time":"2018-05-22T18:54:42+00:00","twitter_card":"summary_large_image","twitter_site":"@EscolaJosoSbd","schema":{"@context":"https:\/\/schema.org","@graph":[{"@type":"WebPage","@id":"https:\/\/jososabadell.cat\/cursos\/illustracio\/","url":"https:\/\/jososabadell.cat\/cursos\/illustracio\/","name":"Il\u00b7lustraci\u00f3 - Escola Joso Sabadell","isPartOf":{"@id":"https:\/\/jososabadell.cat\/#website"},"datePublished":"2018-04-28T16:08:53+00:00","dateModified":"2018-05-22T18:54:42+00:00","breadcrumb":{"@id":"https:\/\/jososabadell.cat\/cursos\/illustracio\/#breadcrumb"},"inLanguage":"es","potentialAction":[{"@type":"ReadAction","target":["https:\/\/jososabadell.cat\/cursos\/illustracio\/"]}]},{"@type":"BreadcrumbList","@id":"https:\/\/jososabadell.cat\/cursos\/illustracio\/#breadcrumb","itemListElement":[{"@type":"ListItem","position":1,"name":"Inici","item":"https:\/\/jososabadell.cat\/"},{"@type":"ListItem","position":2,"name":"Cursos","item":"https:\/\/jososabadell.cat\/cursos\/"},{"@type":"ListItem","position":3,"name":"Il\u00b7lustraci\u00f3"}]},{"@type":"WebSite","@id":"https:\/\/jososabadell.cat\/#website","url":"https:\/\/jososabadell.cat\/","name":"&nbsp;Escola Joso Sabadell","description":"","potentialAction":[{"@type":"SearchAction","target":{"@type":"EntryPoint","urlTemplate":"https:\/\/jososabadell.cat\/?s={search_term_string}"},"query-input":{"@type":"PropertyValueSpecification","valueRequired":true,"valueName":"search_term_string"}}],"inLanguage":"es"}]}},"_links":{"self":[{"href":"https:\/\/jososabadell.cat\/es\/wp-json\/wp\/v2\/pages\/961"}],"collection":[{"href":"https:\/\/jososabadell.cat\/es\/wp-json\/wp\/v2\/pages"}],"about":[{"href":"https:\/\/jososabadell.cat\/es\/wp-json\/wp\/v2\/types\/page"}],"author":[{"embeddable":true,"href":"https:\/\/jososabadell.cat\/es\/wp-json\/wp\/v2\/users\/1"}],"replies":[{"embeddable":true,"href":"https:\/\/jososabadell.cat\/es\/wp-json\/wp\/v2\/comments?post=961"}],"version-history":[{"count":5,"href":"https:\/\/jososabadell.cat\/es\/wp-json\/wp\/v2\/pages\/961\/revisions"}],"predecessor-version":[{"id":1093,"href":"https:\/\/jososabadell.cat\/es\/wp-json\/wp\/v2\/pages\/961\/revisions\/1093"}],"up":[{"embeddable":true,"href":"https:\/\/jososabadell.cat\/es\/wp-json\/wp\/v2\/pages\/9"}],"wp:attachment":[{"href":"https:\/\/jososabadell.cat\/es\/wp-json\/wp\/v2\/media?parent=961"}],"curies":[{"name":"wp","href":"https:\/\/api.w.org\/{rel}","templated":true}]}}